{"id":1321,"date":"2023-11-19T16:06:13","date_gmt":"2023-11-19T13:06:13","guid":{"rendered":"https:\/\/www.acemuhendislik.com.tr\/?page_id=1321"},"modified":"2025-10-31T09:36:31","modified_gmt":"2025-10-31T06:36:31","slug":"hizmetlerimiz","status":"publish","type":"page","link":"https:\/\/www.acemuhendislik.com.tr\/en\/hizmetlerimiz\/","title":{"rendered":"Services"},"content":{"rendered":"<div data-elementor-type=\"wp-page\" data-elementor-id=\"1321\" class=\"elementor elementor-1321\">\n\t\t\t\t<div class=\"elementor-element elementor-element-c793573 e-flex e-con-boxed e-con e-parent\" data-id=\"c793573\" data-element_type=\"container\" data-e-type=\"container\">\n\t\t\t\t\t<div class=\"e-con-inner\">\n\t\t<div class=\"elementor-element elementor-element-37fa359 e-con-full e-flex e-con e-child\" data-id=\"37fa359\" data-element_type=\"container\" data-e-type=\"container\">\n\t\t\t\t<div class=\"elementor-element elementor-element-e1d872b elementor-widget elementor-widget-image\" data-id=\"e1d872b\" data-element_type=\"widget\" data-e-type=\"widget\" data-widget_type=\"image.default\">\n\t\t\t\t<div class=\"elementor-widget-container\">\n\t\t\t\t\t\t\t\t\t\t\t\t\t\t\t\t<a href=\"https:\/\/www.acemuhendislik.com.tr\/en\/referanslar\/\">\n\t\t\t\t\t\t\t<img fetchpriority=\"high\" decoding=\"async\" width=\"1024\" height=\"699\" src=\"https:\/\/www.acemuhendislik.com.tr\/wp-content\/uploads\/2025\/10\/523652-1024x699.png\" class=\"attachment-large size-large wp-image-1806\" alt=\"\" srcset=\"https:\/\/www.acemuhendislik.com.tr\/wp-content\/uploads\/2025\/10\/523652-1024x699.png 1024w, https:\/\/www.acemuhendislik.com.tr\/wp-content\/uploads\/2025\/10\/523652-300x205.png 300w, https:\/\/www.acemuhendislik.com.tr\/wp-content\/uploads\/2025\/10\/523652-768x524.png 768w, https:\/\/www.acemuhendislik.com.tr\/wp-content\/uploads\/2025\/10\/523652-18x12.png 18w, https:\/\/www.acemuhendislik.com.tr\/wp-content\/uploads\/2025\/10\/523652.png 1062w\" sizes=\"(max-width: 1024px) 100vw, 1024px\" \/>\t\t\t\t\t\t\t\t<\/a>\n\t\t\t\t\t\t\t\t\t\t\t\t\t\t\t<\/div>\n\t\t\t\t<\/div>\n\t\t\t\t<div class=\"elementor-element elementor-element-d4b58d4 elementor-widget elementor-widget-heading\" data-id=\"d4b58d4\" data-element_type=\"widget\" data-e-type=\"widget\" data-widget_type=\"heading.default\">\n\t\t\t\t<div class=\"elementor-widget-container\">\n\t\t\t\t\t<h2 class=\"elementor-heading-title elementor-size-default\"><a href=\"https:\/\/www.acemuhendislik.com.tr\/en\/referanslar\/\">Energy Storage<\/a><\/h2>\t\t\t\t<\/div>\n\t\t\t\t<\/div>\n\t\t\t\t<\/div>\n\t\t<div class=\"elementor-element elementor-element-79e19b1 e-con-full e-flex e-con e-child\" data-id=\"79e19b1\" data-element_type=\"container\" data-e-type=\"container\">\n\t\t\t\t<div class=\"elementor-element elementor-element-be1d0de elementor-widget elementor-widget-image\" data-id=\"be1d0de\" data-element_type=\"widget\" data-e-type=\"widget\" data-widget_type=\"image.default\">\n\t\t\t\t<div class=\"elementor-widget-container\">\n\t\t\t\t\t\t\t\t\t\t\t\t\t\t\t\t<a href=\"https:\/\/www.acemuhendislik.com.tr\/en\/finli-boru\/\">\n\t\t\t\t\t\t\t<img decoding=\"async\" width=\"1024\" height=\"698\" src=\"https:\/\/www.acemuhendislik.com.tr\/wp-content\/uploads\/2023\/11\/banner-arka21-1024x698.png\" class=\"attachment-large size-large wp-image-1363\" alt=\"\" srcset=\"https:\/\/www.acemuhendislik.com.tr\/wp-content\/uploads\/2023\/11\/banner-arka21-1024x698.png 1024w, https:\/\/www.acemuhendislik.com.tr\/wp-content\/uploads\/2023\/11\/banner-arka21-300x205.png 300w, https:\/\/www.acemuhendislik.com.tr\/wp-content\/uploads\/2023\/11\/banner-arka21-768x524.png 768w, https:\/\/www.acemuhendislik.com.tr\/wp-content\/uploads\/2023\/11\/banner-arka21-1536x1047.png 1536w, https:\/\/www.acemuhendislik.com.tr\/wp-content\/uploads\/2023\/11\/banner-arka21.png 1920w\" sizes=\"(max-width: 1024px) 100vw, 1024px\" \/>\t\t\t\t\t\t\t\t<\/a>\n\t\t\t\t\t\t\t\t\t\t\t\t\t\t\t<\/div>\n\t\t\t\t<\/div>\n\t\t\t\t<div class=\"elementor-element elementor-element-dddcaa2 elementor-widget elementor-widget-heading\" data-id=\"dddcaa2\" data-element_type=\"widget\" data-e-type=\"widget\" data-widget_type=\"heading.default\">\n\t\t\t\t<div class=\"elementor-widget-container\">\n\t\t\t\t\t<h2 class=\"elementor-heading-title elementor-size-default\"><a href=\"https:\/\/www.acemuhendislik.com.tr\/en\/finli-boru\/\">Finned Tube<\/a><\/h2>\t\t\t\t<\/div>\n\t\t\t\t<\/div>\n\t\t\t\t<\/div>\n\t\t<div class=\"elementor-element elementor-element-3c6654e e-con-full e-flex e-con e-child\" data-id=\"3c6654e\" data-element_type=\"container\" data-e-type=\"container\">\n\t\t\t\t<div class=\"elementor-element elementor-element-4882626 elementor-widget elementor-widget-image\" data-id=\"4882626\" data-element_type=\"widget\" data-e-type=\"widget\" data-widget_type=\"image.default\">\n\t\t\t\t<div class=\"elementor-widget-container\">\n\t\t\t\t\t\t\t\t\t\t\t\t\t\t\t\t<a href=\"https:\/\/www.acemuhendislik.com.tr\/en\/buhar-turbini\/\">\n\t\t\t\t\t\t\t<img decoding=\"async\" width=\"1024\" height=\"694\" src=\"https:\/\/www.acemuhendislik.com.tr\/wp-content\/uploads\/2024\/01\/ace-enerji-teknolojileri-2-1024x694.png\" class=\"attachment-large size-large wp-image-1616\" alt=\"\" srcset=\"https:\/\/www.acemuhendislik.com.tr\/wp-content\/uploads\/2024\/01\/ace-enerji-teknolojileri-2-1024x694.png 1024w, https:\/\/www.acemuhendislik.com.tr\/wp-content\/uploads\/2024\/01\/ace-enerji-teknolojileri-2-300x203.png 300w, https:\/\/www.acemuhendislik.com.tr\/wp-content\/uploads\/2024\/01\/ace-enerji-teknolojileri-2-768x521.png 768w, https:\/\/www.acemuhendislik.com.tr\/wp-content\/uploads\/2024\/01\/ace-enerji-teknolojileri-2-1536x1041.png 1536w, https:\/\/www.acemuhendislik.com.tr\/wp-content\/uploads\/2024\/01\/ace-enerji-teknolojileri-2.png 1707w\" sizes=\"(max-width: 1024px) 100vw, 1024px\" \/>\t\t\t\t\t\t\t\t<\/a>\n\t\t\t\t\t\t\t\t\t\t\t\t\t\t\t<\/div>\n\t\t\t\t<\/div>\n\t\t\t\t<div class=\"elementor-element elementor-element-6227ca7 elementor-widget elementor-widget-heading\" data-id=\"6227ca7\" data-element_type=\"widget\" data-e-type=\"widget\" data-widget_type=\"heading.default\">\n\t\t\t\t<div class=\"elementor-widget-container\">\n\t\t\t\t\t<h2 class=\"elementor-heading-title elementor-size-default\"><a href=\"https:\/\/www.acemuhendislik.com.tr\/en\/buhar-turbini\/\">Steam Turbine<\/a><\/h2>\t\t\t\t<\/div>\n\t\t\t\t<\/div>\n\t\t\t\t<\/div>\n\t\t<div class=\"elementor-element elementor-element-8c65f59 e-con-full e-flex e-con e-child\" data-id=\"8c65f59\" data-element_type=\"container\" data-e-type=\"container\">\n\t\t\t\t<\/div>\n\t\t<div class=\"elementor-element elementor-element-17f5d74 e-con-full e-flex e-con e-child\" data-id=\"17f5d74\" data-element_type=\"container\" data-e-type=\"container\">\n\t\t\t\t<\/div>\n\t\t<div class=\"elementor-element elementor-element-02b6273 e-con-full e-flex e-con e-child\" data-id=\"02b6273\" data-element_type=\"container\" data-e-type=\"container\">\n\t\t\t\t<\/div>\n\t\t\t\t\t<\/div>\n\t\t\t\t<\/div>\n\t\t<div class=\"elementor-element elementor-element-2a39f4f e-flex e-con-boxed e-con e-parent\" data-id=\"2a39f4f\" data-element_type=\"container\" data-e-type=\"container\">\n\t\t\t\t\t<div class=\"e-con-inner\">\n\t\t<div class=\"elementor-element elementor-element-cda3e6c e-con-full e-flex e-con e-child\" data-id=\"cda3e6c\" data-element_type=\"container\" data-e-type=\"container\">\n\t\t\t\t<div class=\"elementor-element elementor-element-33b0728 elementor-widget elementor-widget-image\" data-id=\"33b0728\" data-element_type=\"widget\" data-e-type=\"widget\" data-widget_type=\"image.default\">\n\t\t\t\t<div class=\"elementor-widget-container\">\n\t\t\t\t\t\t\t\t\t\t\t\t\t\t\t\t<a href=\"https:\/\/www.acemuhendislik.com.tr\/en\/biyokutle-kazan-kul-temizleme\/\">\n\t\t\t\t\t\t\t<img loading=\"lazy\" decoding=\"async\" width=\"1024\" height=\"699\" src=\"https:\/\/www.acemuhendislik.com.tr\/wp-content\/uploads\/2025\/10\/ep2-1024x699.png\" class=\"attachment-large size-large wp-image-1810\" alt=\"\" srcset=\"https:\/\/www.acemuhendislik.com.tr\/wp-content\/uploads\/2025\/10\/ep2-1024x699.png 1024w, https:\/\/www.acemuhendislik.com.tr\/wp-content\/uploads\/2025\/10\/ep2-300x205.png 300w, https:\/\/www.acemuhendislik.com.tr\/wp-content\/uploads\/2025\/10\/ep2-768x524.png 768w, https:\/\/www.acemuhendislik.com.tr\/wp-content\/uploads\/2025\/10\/ep2-18x12.png 18w, https:\/\/www.acemuhendislik.com.tr\/wp-content\/uploads\/2025\/10\/ep2.png 1062w\" sizes=\"(max-width: 1024px) 100vw, 1024px\" \/>\t\t\t\t\t\t\t\t<\/a>\n\t\t\t\t\t\t\t\t\t\t\t\t\t\t\t<\/div>\n\t\t\t\t<\/div>\n\t\t\t\t<\/div>\n\t\t<div class=\"elementor-element elementor-element-6ca91b1 e-con-full e-flex e-con e-child\" data-id=\"6ca91b1\" data-element_type=\"container\" data-e-type=\"container\">\n\t\t\t\t<\/div>\n\t\t<div class=\"elementor-element elementor-element-799925b e-con-full e-flex e-con e-child\" data-id=\"799925b\" data-element_type=\"container\" data-e-type=\"container\">\n\t\t\t\t<\/div>\n\t\t<div class=\"elementor-element elementor-element-6a54eaf e-con-full e-flex e-con e-child\" data-id=\"6a54eaf\" data-element_type=\"container\" data-e-type=\"container\">\n\t\t\t\t<div class=\"elementor-element elementor-element-ff5dd16 elementor-widget elementor-widget-heading\" data-id=\"ff5dd16\" data-element_type=\"widget\" data-e-type=\"widget\" data-widget_type=\"heading.default\">\n\t\t\t\t<div class=\"elementor-widget-container\">\n\t\t\t\t\t<h2 class=\"elementor-heading-title elementor-size-default\">Ash Cleaning<\/h2>\t\t\t\t<\/div>\n\t\t\t\t<\/div>\n\t\t\t\t<\/div>\n\t\t<div class=\"elementor-element elementor-element-81a6212 e-con-full e-flex e-con e-child\" data-id=\"81a6212\" data-element_type=\"container\" data-e-type=\"container\">\n\t\t\t\t<\/div>\n\t\t<div class=\"elementor-element elementor-element-396943a e-con-full e-flex e-con e-child\" data-id=\"396943a\" data-element_type=\"container\" data-e-type=\"container\">\n\t\t\t\t<\/div>\n\t\t\t\t\t<\/div>\n\t\t\t\t<\/div>\n\t\t\t\t<\/div>","protected":false},"excerpt":{"rendered":"<p>Enerji Depolama Finli Boru Buhar T\u00fcrbini Biyok\u00fctle Kazan K\u00fcl Temizleme<\/p>","protected":false},"author":1,"featured_media":0,"parent":0,"menu_order":0,"comment_status":"closed","ping_status":"closed","template":"","meta":{"footnotes":""},"class_list":["post-1321","page","type-page","status-publish","hentry"],"blocksy_meta":[],"_links":{"self":[{"href":"https:\/\/www.acemuhendislik.com.tr\/en\/wp-json\/wp\/v2\/pages\/1321","targetHints":{"allow":["GET"]}}],"collection":[{"href":"https:\/\/www.acemuhendislik.com.tr\/en\/wp-json\/wp\/v2\/pages"}],"about":[{"href":"https:\/\/www.acemuhendislik.com.tr\/en\/wp-json\/wp\/v2\/types\/page"}],"author":[{"embeddable":true,"href":"https:\/\/www.acemuhendislik.com.tr\/en\/wp-json\/wp\/v2\/users\/1"}],"replies":[{"embeddable":true,"href":"https:\/\/www.acemuhendislik.com.tr\/en\/wp-json\/wp\/v2\/comments?post=1321"}],"version-history":[{"count":49,"href":"https:\/\/www.acemuhendislik.com.tr\/en\/wp-json\/wp\/v2\/pages\/1321\/revisions"}],"predecessor-version":[{"id":1819,"href":"https:\/\/www.acemuhendislik.com.tr\/en\/wp-json\/wp\/v2\/pages\/1321\/revisions\/1819"}],"wp:attachment":[{"href":"https:\/\/www.acemuhendislik.com.tr\/en\/wp-json\/wp\/v2\/media?parent=1321"}],"curies":[{"name":"wp","href":"https:\/\/api.w.org\/{rel}","templated":true}]}}