{"id":1433,"date":"2023-11-21T00:02:45","date_gmt":"2023-11-20T21:02:45","guid":{"rendered":"https:\/\/www.acemuhendislik.com.tr\/?page_id=1433"},"modified":"2025-11-18T10:16:20","modified_gmt":"2025-11-18T07:16:20","slug":"urunlerimiz","status":"publish","type":"page","link":"https:\/\/www.acemuhendislik.com.tr\/en\/urunlerimiz\/","title":{"rendered":"Products"},"content":{"rendered":"<div data-elementor-type=\"wp-page\" data-elementor-id=\"1433\" class=\"elementor elementor-1433\">\n\t\t\t\t<div class=\"elementor-element elementor-element-1d3718c e-flex e-con-boxed e-con e-parent\" data-id=\"1d3718c\" data-element_type=\"container\" data-e-type=\"container\">\n\t\t\t\t\t<div class=\"e-con-inner\">\n\t\t<div class=\"elementor-element elementor-element-504a352 e-con-full e-flex e-con e-child\" data-id=\"504a352\" data-element_type=\"container\" data-e-type=\"container\">\n\t\t\t\t<div class=\"elementor-element elementor-element-1dcaf91 elementor-widget elementor-widget-image\" data-id=\"1dcaf91\" data-element_type=\"widget\" data-e-type=\"widget\" data-widget_type=\"image.default\">\n\t\t\t\t<div class=\"elementor-widget-container\">\n\t\t\t\t\t\t\t\t\t\t\t\t\t\t\t\t<a href=\"http:\/\/www.acemuhendislik.com.tr\/wp-content\/uploads\/2023\/11\/ZNP-BIYOKUTLE-ENERJI-SANTRALI-4.png\" data-elementor-open-lightbox=\"yes\" data-elementor-lightbox-title=\"ZNP-B\u0130YOK\u00dcTLE-ENERJ\u0130-SANTRALI-4\" data-e-action-hash=\"#elementor-action%3Aaction%3Dlightbox%26settings%3DeyJpZCI6MTM3OSwidXJsIjoiaHR0cHM6XC9cL3d3dy5hY2VtdWhlbmRpc2xpay5jb20udHJcL3dwLWNvbnRlbnRcL3VwbG9hZHNcLzIwMjNcLzExXC9aTlAtQklZT0tVVExFLUVORVJKSS1TQU5UUkFMSS00LnBuZyJ9\">\n\t\t\t\t\t\t\t<img fetchpriority=\"high\" decoding=\"async\" width=\"1024\" height=\"682\" src=\"https:\/\/www.acemuhendislik.com.tr\/wp-content\/uploads\/2023\/11\/ZNP-BIYOKUTLE-ENERJI-SANTRALI-4-1024x682.png\" class=\"attachment-large size-large wp-image-1379\" alt=\"\" srcset=\"https:\/\/www.acemuhendislik.com.tr\/wp-content\/uploads\/2023\/11\/ZNP-BIYOKUTLE-ENERJI-SANTRALI-4-1024x682.png 1024w, https:\/\/www.acemuhendislik.com.tr\/wp-content\/uploads\/2023\/11\/ZNP-BIYOKUTLE-ENERJI-SANTRALI-4-300x200.png 300w, https:\/\/www.acemuhendislik.com.tr\/wp-content\/uploads\/2023\/11\/ZNP-BIYOKUTLE-ENERJI-SANTRALI-4-768x512.png 768w, https:\/\/www.acemuhendislik.com.tr\/wp-content\/uploads\/2023\/11\/ZNP-BIYOKUTLE-ENERJI-SANTRALI-4.png 1231w\" sizes=\"(max-width: 1024px) 100vw, 1024px\" \/>\t\t\t\t\t\t\t\t<\/a>\n\t\t\t\t\t\t\t\t\t\t\t\t\t\t\t<\/div>\n\t\t\t\t<\/div>\n\t\t\t\t<\/div>\n\t\t<div class=\"elementor-element elementor-element-1ff74aa e-con-full e-flex e-con e-child\" data-id=\"1ff74aa\" data-element_type=\"container\" data-e-type=\"container\">\n\t\t\t\t<div class=\"elementor-element elementor-element-cb8d5e9 elementor-widget elementor-widget-image\" data-id=\"cb8d5e9\" data-element_type=\"widget\" data-e-type=\"widget\" data-widget_type=\"image.default\">\n\t\t\t\t<div class=\"elementor-widget-container\">\n\t\t\t\t\t\t\t\t\t\t\t\t\t\t\t\t<a href=\"http:\/\/www.acemuhendislik.com.tr\/wp-content\/uploads\/2023\/11\/RS50992_bps_rosink_2274-hpr-scaled.jpg\" data-elementor-open-lightbox=\"yes\" data-elementor-lightbox-title=\"RS50992_bps_rosink_2274-hpr\" data-e-action-hash=\"#elementor-action%3Aaction%3Dlightbox%26settings%3DeyJpZCI6MTQ1OSwidXJsIjoiaHR0cHM6XC9cL3d3dy5hY2VtdWhlbmRpc2xpay5jb20udHJcL3dwLWNvbnRlbnRcL3VwbG9hZHNcLzIwMjNcLzExXC9SUzUwOTkyX2Jwc19yb3NpbmtfMjI3NC1ocHItc2NhbGVkLmpwZyJ9\">\n\t\t\t\t\t\t\t<img decoding=\"async\" width=\"1024\" height=\"683\" src=\"https:\/\/www.acemuhendislik.com.tr\/wp-content\/uploads\/2023\/11\/RS50992_bps_rosink_2274-hpr-1024x683.jpg\" class=\"attachment-large size-large wp-image-1459\" alt=\"\" srcset=\"https:\/\/www.acemuhendislik.com.tr\/wp-content\/uploads\/2023\/11\/RS50992_bps_rosink_2274-hpr-1024x683.jpg 1024w, https:\/\/www.acemuhendislik.com.tr\/wp-content\/uploads\/2023\/11\/RS50992_bps_rosink_2274-hpr-300x200.jpg 300w, https:\/\/www.acemuhendislik.com.tr\/wp-content\/uploads\/2023\/11\/RS50992_bps_rosink_2274-hpr-768x512.jpg 768w, https:\/\/www.acemuhendislik.com.tr\/wp-content\/uploads\/2023\/11\/RS50992_bps_rosink_2274-hpr-1536x1024.jpg 1536w, https:\/\/www.acemuhendislik.com.tr\/wp-content\/uploads\/2023\/11\/RS50992_bps_rosink_2274-hpr-2048x1365.jpg 2048w\" sizes=\"(max-width: 1024px) 100vw, 1024px\" \/>\t\t\t\t\t\t\t\t<\/a>\n\t\t\t\t\t\t\t\t\t\t\t\t\t\t\t<\/div>\n\t\t\t\t<\/div>\n\t\t\t\t<\/div>\n\t\t<div class=\"elementor-element elementor-element-5a0abc2 e-con-full e-flex e-con e-child\" data-id=\"5a0abc2\" data-element_type=\"container\" data-e-type=\"container\">\n\t\t\t\t<div class=\"elementor-element elementor-element-067c6d0 elementor-widget elementor-widget-image\" data-id=\"067c6d0\" data-element_type=\"widget\" data-e-type=\"widget\" data-widget_type=\"image.default\">\n\t\t\t\t<div class=\"elementor-widget-container\">\n\t\t\t\t\t\t\t\t\t\t\t\t\t\t\t\t<a href=\"http:\/\/www.acemuhendislik.com.tr\/wp-content\/uploads\/2023\/11\/RS50984_bps_rosink_2230-hpr-scaled.jpg\" data-elementor-open-lightbox=\"yes\" data-elementor-lightbox-title=\"RS50984_bps_rosink_2230-hpr\" data-e-action-hash=\"#elementor-action%3Aaction%3Dlightbox%26settings%3DeyJpZCI6MTQ1OCwidXJsIjoiaHR0cHM6XC9cL3d3dy5hY2VtdWhlbmRpc2xpay5jb20udHJcL3dwLWNvbnRlbnRcL3VwbG9hZHNcLzIwMjNcLzExXC9SUzUwOTg0X2Jwc19yb3NpbmtfMjIzMC1ocHItc2NhbGVkLmpwZyJ9\">\n\t\t\t\t\t\t\t<img decoding=\"async\" width=\"1024\" height=\"683\" src=\"https:\/\/www.acemuhendislik.com.tr\/wp-content\/uploads\/2023\/11\/RS50984_bps_rosink_2230-hpr-1024x683.jpg\" class=\"attachment-large size-large wp-image-1458\" alt=\"\" srcset=\"https:\/\/www.acemuhendislik.com.tr\/wp-content\/uploads\/2023\/11\/RS50984_bps_rosink_2230-hpr-1024x683.jpg 1024w, https:\/\/www.acemuhendislik.com.tr\/wp-content\/uploads\/2023\/11\/RS50984_bps_rosink_2230-hpr-300x200.jpg 300w, https:\/\/www.acemuhendislik.com.tr\/wp-content\/uploads\/2023\/11\/RS50984_bps_rosink_2230-hpr-768x512.jpg 768w, https:\/\/www.acemuhendislik.com.tr\/wp-content\/uploads\/2023\/11\/RS50984_bps_rosink_2230-hpr-1536x1024.jpg 1536w, https:\/\/www.acemuhendislik.com.tr\/wp-content\/uploads\/2023\/11\/RS50984_bps_rosink_2230-hpr-2048x1365.jpg 2048w\" sizes=\"(max-width: 1024px) 100vw, 1024px\" \/>\t\t\t\t\t\t\t\t<\/a>\n\t\t\t\t\t\t\t\t\t\t\t\t\t\t\t<\/div>\n\t\t\t\t<\/div>\n\t\t\t\t<\/div>\n\t\t<div class=\"elementor-element elementor-element-bbfdfff e-con-full e-flex e-con e-child\" data-id=\"bbfdfff\" data-element_type=\"container\" data-e-type=\"container\">\n\t\t\t\t<div class=\"elementor-element elementor-element-2913bd5 elementor-widget elementor-widget-image\" data-id=\"2913bd5\" data-element_type=\"widget\" data-e-type=\"widget\" data-widget_type=\"image.default\">\n\t\t\t\t<div class=\"elementor-widget-container\">\n\t\t\t\t\t\t\t\t\t\t\t\t\t\t\t\t<a href=\"http:\/\/www.acemuhendislik.com.tr\/wp-content\/uploads\/2023\/11\/banner-003-en.png\" data-elementor-open-lightbox=\"yes\" data-elementor-lightbox-title=\"banner-003-en\" data-e-action-hash=\"#elementor-action%3Aaction%3Dlightbox%26settings%3DeyJpZCI6MTQzNiwidXJsIjoiaHR0cHM6XC9cL3d3dy5hY2VtdWhlbmRpc2xpay5jb20udHJcL3dwLWNvbnRlbnRcL3VwbG9hZHNcLzIwMjNcLzExXC9iYW5uZXItMDAzLWVuLnBuZyJ9\">\n\t\t\t\t\t\t\t<img loading=\"lazy\" decoding=\"async\" width=\"1024\" height=\"768\" src=\"https:\/\/www.acemuhendislik.com.tr\/wp-content\/uploads\/2023\/11\/banner-003-en-1024x768.png\" class=\"attachment-large size-large wp-image-1436\" alt=\"\" srcset=\"https:\/\/www.acemuhendislik.com.tr\/wp-content\/uploads\/2023\/11\/banner-003-en-1024x768.png 1024w, https:\/\/www.acemuhendislik.com.tr\/wp-content\/uploads\/2023\/11\/banner-003-en-300x225.png 300w, https:\/\/www.acemuhendislik.com.tr\/wp-content\/uploads\/2023\/11\/banner-003-en-768x576.png 768w, https:\/\/www.acemuhendislik.com.tr\/wp-content\/uploads\/2023\/11\/banner-003-en-1536x1152.png 1536w, https:\/\/www.acemuhendislik.com.tr\/wp-content\/uploads\/2023\/11\/banner-003-en.png 2048w\" sizes=\"(max-width: 1024px) 100vw, 1024px\" \/>\t\t\t\t\t\t\t\t<\/a>\n\t\t\t\t\t\t\t\t\t\t\t\t\t\t\t<\/div>\n\t\t\t\t<\/div>\n\t\t\t\t<\/div>\n\t\t\t\t\t<\/div>\n\t\t\t\t<\/div>\n\t\t<div class=\"elementor-element elementor-element-029e2d9 e-flex e-con-boxed e-con e-parent\" data-id=\"029e2d9\" data-element_type=\"container\" data-e-type=\"container\">\n\t\t\t\t\t<div class=\"e-con-inner\">\n\t\t<div class=\"elementor-element elementor-element-4d4df55 e-con-full e-flex e-con e-child\" data-id=\"4d4df55\" data-element_type=\"container\" data-e-type=\"container\">\n\t\t\t\t<div class=\"elementor-element elementor-element-edfb8ca elementor-widget elementor-widget-image\" data-id=\"edfb8ca\" data-element_type=\"widget\" data-e-type=\"widget\" data-widget_type=\"image.default\">\n\t\t\t\t<div class=\"elementor-widget-container\">\n\t\t\t\t\t\t\t\t\t\t\t\t\t\t\t\t<a href=\"http:\/\/www.acemuhendislik.com.tr\/wp-content\/uploads\/2023\/12\/IMG_487-rotated.jpg\" data-elementor-open-lightbox=\"yes\" data-elementor-lightbox-title=\"IMG_487\" data-e-action-hash=\"#elementor-action%3Aaction%3Dlightbox%26settings%3DeyJpZCI6MTUyMSwidXJsIjoiaHR0cHM6XC9cL3d3dy5hY2VtdWhlbmRpc2xpay5jb20udHJcL3dwLWNvbnRlbnRcL3VwbG9hZHNcLzIwMjNcLzEyXC9JTUdfNDg3LXJvdGF0ZWQuanBnIn0%3D\">\n\t\t\t\t\t\t\t<img loading=\"lazy\" decoding=\"async\" width=\"768\" height=\"1024\" src=\"https:\/\/www.acemuhendislik.com.tr\/wp-content\/uploads\/2023\/12\/IMG_487-768x1024.jpg\" class=\"attachment-large size-large wp-image-1521\" alt=\"\" srcset=\"https:\/\/www.acemuhendislik.com.tr\/wp-content\/uploads\/2023\/12\/IMG_487-768x1024.jpg 768w, https:\/\/www.acemuhendislik.com.tr\/wp-content\/uploads\/2023\/12\/IMG_487-225x300.jpg 225w, https:\/\/www.acemuhendislik.com.tr\/wp-content\/uploads\/2023\/12\/IMG_487-rotated.jpg 1080w\" sizes=\"(max-width: 768px) 100vw, 768px\" \/>\t\t\t\t\t\t\t\t<\/a>\n\t\t\t\t\t\t\t\t\t\t\t\t\t\t\t<\/div>\n\t\t\t\t<\/div>\n\t\t\t\t<\/div>\n\t\t<div class=\"elementor-element elementor-element-64085e5 e-con-full e-flex e-con e-child\" data-id=\"64085e5\" data-element_type=\"container\" data-e-type=\"container\">\n\t\t\t\t<div class=\"elementor-element elementor-element-acdd095 elementor-widget elementor-widget-image\" data-id=\"acdd095\" data-element_type=\"widget\" data-e-type=\"widget\" data-widget_type=\"image.default\">\n\t\t\t\t<div class=\"elementor-widget-container\">\n\t\t\t\t\t\t\t\t\t\t\t\t\t\t\t\t<a href=\"http:\/\/www.acemuhendislik.com.tr\/wp-content\/uploads\/2023\/12\/IZGARA-MODEL-2.jpg\" data-elementor-open-lightbox=\"yes\" data-elementor-lightbox-title=\"IZGARA-MODEL-2\" data-e-action-hash=\"#elementor-action%3Aaction%3Dlightbox%26settings%3DeyJpZCI6MTUzMCwidXJsIjoiaHR0cHM6XC9cL3d3dy5hY2VtdWhlbmRpc2xpay5jb20udHJcL3dwLWNvbnRlbnRcL3VwbG9hZHNcLzIwMjNcLzEyXC9JWkdBUkEtTU9ERUwtMi5qcGcifQ%3D%3D\">\n\t\t\t\t\t\t\t<img loading=\"lazy\" decoding=\"async\" width=\"1024\" height=\"690\" src=\"https:\/\/www.acemuhendislik.com.tr\/wp-content\/uploads\/2023\/12\/IZGARA-MODEL-2-1024x690.jpg\" class=\"attachment-large size-large wp-image-1530\" alt=\"\" srcset=\"https:\/\/www.acemuhendislik.com.tr\/wp-content\/uploads\/2023\/12\/IZGARA-MODEL-2-1024x690.jpg 1024w, https:\/\/www.acemuhendislik.com.tr\/wp-content\/uploads\/2023\/12\/IZGARA-MODEL-2-300x202.jpg 300w, https:\/\/www.acemuhendislik.com.tr\/wp-content\/uploads\/2023\/12\/IZGARA-MODEL-2-768x517.jpg 768w, https:\/\/www.acemuhendislik.com.tr\/wp-content\/uploads\/2023\/12\/IZGARA-MODEL-2-1536x1035.jpg 1536w, https:\/\/www.acemuhendislik.com.tr\/wp-content\/uploads\/2023\/12\/IZGARA-MODEL-2.jpg 1603w\" sizes=\"(max-width: 1024px) 100vw, 1024px\" \/>\t\t\t\t\t\t\t\t<\/a>\n\t\t\t\t\t\t\t\t\t\t\t\t\t\t\t<\/div>\n\t\t\t\t<\/div>\n\t\t\t\t<\/div>\n\t\t<div class=\"elementor-element elementor-element-5015baf e-con-full e-flex e-con e-child\" data-id=\"5015baf\" data-element_type=\"container\" data-e-type=\"container\">\n\t\t\t\t<div class=\"elementor-element elementor-element-0763bbe elementor-widget elementor-widget-image\" data-id=\"0763bbe\" data-element_type=\"widget\" data-e-type=\"widget\" data-widget_type=\"image.default\">\n\t\t\t\t<div class=\"elementor-widget-container\">\n\t\t\t\t\t\t\t\t\t\t\t\t\t\t\t\t<a href=\"http:\/\/www.acemuhendislik.com.tr\/wp-content\/uploads\/2023\/12\/IMG_734-rotated.jpg\" data-elementor-open-lightbox=\"yes\" data-elementor-lightbox-title=\"IMG_734\" data-e-action-hash=\"#elementor-action%3Aaction%3Dlightbox%26settings%3DeyJpZCI6MTUyMiwidXJsIjoiaHR0cHM6XC9cL3d3dy5hY2VtdWhlbmRpc2xpay5jb20udHJcL3dwLWNvbnRlbnRcL3VwbG9hZHNcLzIwMjNcLzEyXC9JTUdfNzM0LXJvdGF0ZWQuanBnIn0%3D\">\n\t\t\t\t\t\t\t<img loading=\"lazy\" decoding=\"async\" width=\"768\" height=\"1024\" src=\"https:\/\/www.acemuhendislik.com.tr\/wp-content\/uploads\/2023\/12\/IMG_734-768x1024.jpg\" class=\"attachment-large size-large wp-image-1522\" alt=\"\" srcset=\"https:\/\/www.acemuhendislik.com.tr\/wp-content\/uploads\/2023\/12\/IMG_734-768x1024.jpg 768w, https:\/\/www.acemuhendislik.com.tr\/wp-content\/uploads\/2023\/12\/IMG_734-225x300.jpg 225w, https:\/\/www.acemuhendislik.com.tr\/wp-content\/uploads\/2023\/12\/IMG_734-rotated.jpg 1080w\" sizes=\"(max-width: 768px) 100vw, 768px\" \/>\t\t\t\t\t\t\t\t<\/a>\n\t\t\t\t\t\t\t\t\t\t\t\t\t\t\t<\/div>\n\t\t\t\t<\/div>\n\t\t\t\t<\/div>\n\t\t\t\t\t<\/div>\n\t\t\t\t<\/div>\n\t\t<div class=\"elementor-element elementor-element-180fdc0 e-flex e-con-boxed e-con e-parent\" data-id=\"180fdc0\" data-element_type=\"container\" data-e-type=\"container\">\n\t\t\t\t\t<div class=\"e-con-inner\">\n\t\t<div class=\"elementor-element elementor-element-d2232bd e-con-full e-flex e-con e-child\" data-id=\"d2232bd\" data-element_type=\"container\" data-e-type=\"container\">\n\t\t\t\t<div class=\"elementor-element elementor-element-b7b1e4d elementor-widget elementor-widget-image\" data-id=\"b7b1e4d\" data-element_type=\"widget\" data-e-type=\"widget\" data-widget_type=\"image.default\">\n\t\t\t\t<div class=\"elementor-widget-container\">\n\t\t\t\t\t\t\t\t\t\t\t\t\t\t\t\t<a href=\"http:\/\/www.acemuhendislik.com.tr\/wp-content\/uploads\/2023\/12\/Acc-Dry-Cooler-2.jpeg\" data-elementor-open-lightbox=\"yes\" data-elementor-lightbox-title=\"Acc-Dry-Cooler-2\" data-e-action-hash=\"#elementor-action%3Aaction%3Dlightbox%26settings%3DeyJpZCI6MTU1OSwidXJsIjoiaHR0cHM6XC9cL3d3dy5hY2VtdWhlbmRpc2xpay5jb20udHJcL3dwLWNvbnRlbnRcL3VwbG9hZHNcLzIwMjNcLzEyXC9BY2MtRHJ5LUNvb2xlci0yLmpwZWcifQ%3D%3D\">\n\t\t\t\t\t\t\t<img loading=\"lazy\" decoding=\"async\" width=\"1024\" height=\"581\" src=\"https:\/\/www.acemuhendislik.com.tr\/wp-content\/uploads\/2023\/12\/Acc-Dry-Cooler-2.jpeg\" class=\"attachment-large size-large wp-image-1559\" alt=\"\" srcset=\"https:\/\/www.acemuhendislik.com.tr\/wp-content\/uploads\/2023\/12\/Acc-Dry-Cooler-2.jpeg 1024w, https:\/\/www.acemuhendislik.com.tr\/wp-content\/uploads\/2023\/12\/Acc-Dry-Cooler-2-300x170.jpeg 300w, https:\/\/www.acemuhendislik.com.tr\/wp-content\/uploads\/2023\/12\/Acc-Dry-Cooler-2-768x436.jpeg 768w\" sizes=\"(max-width: 1024px) 100vw, 1024px\" \/>\t\t\t\t\t\t\t\t<\/a>\n\t\t\t\t\t\t\t\t\t\t\t\t\t\t\t<\/div>\n\t\t\t\t<\/div>\n\t\t\t\t<\/div>\n\t\t<div class=\"elementor-element elementor-element-8fa52a8 e-con-full e-flex e-con e-child\" data-id=\"8fa52a8\" data-element_type=\"container\" data-e-type=\"container\">\n\t\t\t\t<div class=\"elementor-element elementor-element-1bb4292 elementor-widget elementor-widget-image\" data-id=\"1bb4292\" data-element_type=\"widget\" data-e-type=\"widget\" data-widget_type=\"image.default\">\n\t\t\t\t<div class=\"elementor-widget-container\">\n\t\t\t\t\t\t\t\t\t\t\t\t\t\t\t\t<a href=\"http:\/\/www.acemuhendislik.com.tr\/wp-content\/uploads\/2023\/12\/Acc-Dry-Cooler.jpeg\" data-elementor-open-lightbox=\"yes\" data-elementor-lightbox-title=\"Acc-Dry-Cooler\" data-e-action-hash=\"#elementor-action%3Aaction%3Dlightbox%26settings%3DeyJpZCI6MTU2MCwidXJsIjoiaHR0cHM6XC9cL3d3dy5hY2VtdWhlbmRpc2xpay5jb20udHJcL3dwLWNvbnRlbnRcL3VwbG9hZHNcLzIwMjNcLzEyXC9BY2MtRHJ5LUNvb2xlci5qcGVnIn0%3D\">\n\t\t\t\t\t\t\t<img loading=\"lazy\" decoding=\"async\" width=\"1024\" height=\"576\" src=\"https:\/\/www.acemuhendislik.com.tr\/wp-content\/uploads\/2023\/12\/Acc-Dry-Cooler.jpeg\" class=\"attachment-large size-large wp-image-1560\" alt=\"\" srcset=\"https:\/\/www.acemuhendislik.com.tr\/wp-content\/uploads\/2023\/12\/Acc-Dry-Cooler.jpeg 1024w, https:\/\/www.acemuhendislik.com.tr\/wp-content\/uploads\/2023\/12\/Acc-Dry-Cooler-300x169.jpeg 300w, https:\/\/www.acemuhendislik.com.tr\/wp-content\/uploads\/2023\/12\/Acc-Dry-Cooler-768x432.jpeg 768w\" sizes=\"(max-width: 1024px) 100vw, 1024px\" \/>\t\t\t\t\t\t\t\t<\/a>\n\t\t\t\t\t\t\t\t\t\t\t\t\t\t\t<\/div>\n\t\t\t\t<\/div>\n\t\t\t\t<\/div>\n\t\t\t\t\t<\/div>\n\t\t\t\t<\/div>\n\t\t<div class=\"elementor-element elementor-element-3c04c1a e-flex e-con-boxed e-con e-parent\" data-id=\"3c04c1a\" data-element_type=\"container\" data-e-type=\"container\">\n\t\t\t\t\t<div class=\"e-con-inner\">\n\t\t<div class=\"elementor-element elementor-element-4dfa18a e-con-full e-flex e-con e-child\" data-id=\"4dfa18a\" data-element_type=\"container\" data-e-type=\"container\">\n\t\t\t\t<div class=\"elementor-element elementor-element-d263811 elementor-widget elementor-widget-image\" data-id=\"d263811\" data-element_type=\"widget\" data-e-type=\"widget\" data-widget_type=\"image.default\">\n\t\t\t\t<div class=\"elementor-widget-container\">\n\t\t\t\t\t\t\t\t\t\t\t\t\t\t\t<img loading=\"lazy\" decoding=\"async\" width=\"1024\" height=\"576\" src=\"https:\/\/www.acemuhendislik.com.tr\/wp-content\/uploads\/2024\/01\/99d2b776cef2b7654106aa25aa708422-1024x576.jpg\" class=\"attachment-large size-large wp-image-1565\" alt=\"\" srcset=\"https:\/\/www.acemuhendislik.com.tr\/wp-content\/uploads\/2024\/01\/99d2b776cef2b7654106aa25aa708422-1024x576.jpg 1024w, https:\/\/www.acemuhendislik.com.tr\/wp-content\/uploads\/2024\/01\/99d2b776cef2b7654106aa25aa708422-300x169.jpg 300w, https:\/\/www.acemuhendislik.com.tr\/wp-content\/uploads\/2024\/01\/99d2b776cef2b7654106aa25aa708422-768x432.jpg 768w, https:\/\/www.acemuhendislik.com.tr\/wp-content\/uploads\/2024\/01\/99d2b776cef2b7654106aa25aa708422-1536x864.jpg 1536w, https:\/\/www.acemuhendislik.com.tr\/wp-content\/uploads\/2024\/01\/99d2b776cef2b7654106aa25aa708422.jpg 1705w\" sizes=\"(max-width: 1024px) 100vw, 1024px\" \/>\t\t\t\t\t\t\t\t\t\t\t\t\t\t\t<\/div>\n\t\t\t\t<\/div>\n\t\t\t\t<\/div>\n\t\t<div class=\"elementor-element elementor-element-6304a42 e-con-full e-flex e-con e-child\" data-id=\"6304a42\" data-element_type=\"container\" data-e-type=\"container\">\n\t\t\t\t<div class=\"elementor-element elementor-element-63d42ec elementor-widget elementor-widget-image\" data-id=\"63d42ec\" data-element_type=\"widget\" data-e-type=\"widget\" data-widget_type=\"image.default\">\n\t\t\t\t<div class=\"elementor-widget-container\">\n\t\t\t\t\t\t\t\t\t\t\t\t\t\t\t<img loading=\"lazy\" decoding=\"async\" width=\"1024\" height=\"768\" src=\"https:\/\/www.acemuhendislik.com.tr\/wp-content\/uploads\/2024\/01\/c50ccac1567a2dec18ce5ae7020e42cd-1024x768.jpg\" class=\"attachment-large size-large wp-image-1566\" alt=\"\" srcset=\"https:\/\/www.acemuhendislik.com.tr\/wp-content\/uploads\/2024\/01\/c50ccac1567a2dec18ce5ae7020e42cd-1024x768.jpg 1024w, https:\/\/www.acemuhendislik.com.tr\/wp-content\/uploads\/2024\/01\/c50ccac1567a2dec18ce5ae7020e42cd-300x225.jpg 300w, https:\/\/www.acemuhendislik.com.tr\/wp-content\/uploads\/2024\/01\/c50ccac1567a2dec18ce5ae7020e42cd-768x576.jpg 768w, https:\/\/www.acemuhendislik.com.tr\/wp-content\/uploads\/2024\/01\/c50ccac1567a2dec18ce5ae7020e42cd-1536x1152.jpg 1536w, https:\/\/www.acemuhendislik.com.tr\/wp-content\/uploads\/2024\/01\/c50ccac1567a2dec18ce5ae7020e42cd.jpg 1707w\" sizes=\"(max-width: 1024px) 100vw, 1024px\" \/>\t\t\t\t\t\t\t\t\t\t\t\t\t\t\t<\/div>\n\t\t\t\t<\/div>\n\t\t\t\t<\/div>\n\t\t\t\t\t<\/div>\n\t\t\t\t<\/div>\n\t\t<div class=\"elementor-element elementor-element-1db7dab e-flex e-con-boxed e-con e-parent\" data-id=\"1db7dab\" data-element_type=\"container\" data-e-type=\"container\">\n\t\t\t\t\t<div class=\"e-con-inner\">\n\t\t<div class=\"elementor-element elementor-element-45ab649 e-con-full e-flex e-con e-child\" data-id=\"45ab649\" data-element_type=\"container\" data-e-type=\"container\">\n\t\t\t\t<div class=\"elementor-element elementor-element-fb24938 elementor-widget elementor-widget-image\" data-id=\"fb24938\" data-element_type=\"widget\" data-e-type=\"widget\" data-widget_type=\"image.default\">\n\t\t\t\t<div class=\"elementor-widget-container\">\n\t\t\t\t\t\t\t\t\t\t\t\t\t\t\t\t<a href=\"https:\/\/www.acemuhendislik.com.tr\/wp-content\/uploads\/2025\/11\/ace-new.jpg\" data-elementor-open-lightbox=\"yes\" data-elementor-lightbox-title=\"ace-new\" data-e-action-hash=\"#elementor-action%3Aaction%3Dlightbox%26settings%3DeyJpZCI6MTgyMSwidXJsIjoiaHR0cHM6XC9cL3d3dy5hY2VtdWhlbmRpc2xpay5jb20udHJcL3dwLWNvbnRlbnRcL3VwbG9hZHNcLzIwMjVcLzExXC9hY2UtbmV3LmpwZyJ9\">\n\t\t\t\t\t\t\t<img loading=\"lazy\" decoding=\"async\" width=\"576\" height=\"1024\" src=\"https:\/\/www.acemuhendislik.com.tr\/wp-content\/uploads\/2025\/11\/ace-new-576x1024.jpg\" class=\"attachment-large size-large wp-image-1821\" alt=\"\" srcset=\"https:\/\/www.acemuhendislik.com.tr\/wp-content\/uploads\/2025\/11\/ace-new-576x1024.jpg 576w, https:\/\/www.acemuhendislik.com.tr\/wp-content\/uploads\/2025\/11\/ace-new-169x300.jpg 169w, https:\/\/www.acemuhendislik.com.tr\/wp-content\/uploads\/2025\/11\/ace-new-768x1365.jpg 768w, https:\/\/www.acemuhendislik.com.tr\/wp-content\/uploads\/2025\/11\/ace-new-864x1536.jpg 864w, https:\/\/www.acemuhendislik.com.tr\/wp-content\/uploads\/2025\/11\/ace-new-7x12.jpg 7w, https:\/\/www.acemuhendislik.com.tr\/wp-content\/uploads\/2025\/11\/ace-new.jpg 900w\" sizes=\"(max-width: 576px) 100vw, 576px\" \/>\t\t\t\t\t\t\t\t<\/a>\n\t\t\t\t\t\t\t\t\t\t\t\t\t\t\t<\/div>\n\t\t\t\t<\/div>\n\t\t\t\t<\/div>\n\t\t<div class=\"elementor-element elementor-element-d5cc7d1 e-con-full e-flex e-con e-child\" data-id=\"d5cc7d1\" data-element_type=\"container\" data-e-type=\"container\">\n\t\t\t\t<div class=\"elementor-element elementor-element-917e2ce elementor-widget elementor-widget-image\" data-id=\"917e2ce\" data-element_type=\"widget\" data-e-type=\"widget\" data-widget_type=\"image.default\">\n\t\t\t\t<div class=\"elementor-widget-container\">\n\t\t\t\t\t\t\t\t\t\t\t\t\t\t\t\t<a href=\"https:\/\/www.acemuhendislik.com.tr\/wp-content\/uploads\/2025\/11\/ace-new-2.jpg\" data-elementor-open-lightbox=\"yes\" data-elementor-lightbox-title=\"ace-new-2\" data-e-action-hash=\"#elementor-action%3Aaction%3Dlightbox%26settings%3DeyJpZCI6MTgyMiwidXJsIjoiaHR0cHM6XC9cL3d3dy5hY2VtdWhlbmRpc2xpay5jb20udHJcL3dwLWNvbnRlbnRcL3VwbG9hZHNcLzIwMjVcLzExXC9hY2UtbmV3LTIuanBnIn0%3D\">\n\t\t\t\t\t\t\t<img loading=\"lazy\" decoding=\"async\" width=\"682\" height=\"1024\" src=\"https:\/\/www.acemuhendislik.com.tr\/wp-content\/uploads\/2025\/11\/ace-new-2-682x1024.jpg\" class=\"attachment-large size-large wp-image-1822\" alt=\"\" srcset=\"https:\/\/www.acemuhendislik.com.tr\/wp-content\/uploads\/2025\/11\/ace-new-2-682x1024.jpg 682w, https:\/\/www.acemuhendislik.com.tr\/wp-content\/uploads\/2025\/11\/ace-new-2-200x300.jpg 200w, https:\/\/www.acemuhendislik.com.tr\/wp-content\/uploads\/2025\/11\/ace-new-2-768x1153.jpg 768w, https:\/\/www.acemuhendislik.com.tr\/wp-content\/uploads\/2025\/11\/ace-new-2-1023x1536.jpg 1023w, https:\/\/www.acemuhendislik.com.tr\/wp-content\/uploads\/2025\/11\/ace-new-2-8x12.jpg 8w, https:\/\/www.acemuhendislik.com.tr\/wp-content\/uploads\/2025\/11\/ace-new-2.jpg 1066w\" sizes=\"(max-width: 682px) 100vw, 682px\" \/>\t\t\t\t\t\t\t\t<\/a>\n\t\t\t\t\t\t\t\t\t\t\t\t\t\t\t<\/div>\n\t\t\t\t<\/div>\n\t\t\t\t<\/div>\n\t\t<div class=\"elementor-element elementor-element-80eb542 e-con-full e-flex e-con e-child\" data-id=\"80eb542\" data-element_type=\"container\" data-e-type=\"container\">\n\t\t\t\t<\/div>\n\t\t<div class=\"elementor-element elementor-element-b30161c e-con-full e-flex e-con e-child\" data-id=\"b30161c\" data-element_type=\"container\" data-e-type=\"container\">\n\t\t\t\t<\/div>\n\t\t\t\t\t<\/div>\n\t\t\t\t<\/div>\n\t\t\t\t<\/div>","protected":false},"excerpt":{"rendered":"","protected":false},"author":1,"featured_media":0,"parent":0,"menu_order":0,"comment_status":"closed","ping_status":"closed","template":"","meta":{"footnotes":""},"class_list":["post-1433","page","type-page","status-publish","hentry"],"blocksy_meta":[],"_links":{"self":[{"href":"https:\/\/www.acemuhendislik.com.tr\/en\/wp-json\/wp\/v2\/pages\/1433","targetHints":{"allow":["GET"]}}],"collection":[{"href":"https:\/\/www.acemuhendislik.com.tr\/en\/wp-json\/wp\/v2\/pages"}],"about":[{"href":"https:\/\/www.acemuhendislik.com.tr\/en\/wp-json\/wp\/v2\/types\/page"}],"author":[{"embeddable":true,"href":"https:\/\/www.acemuhendislik.com.tr\/en\/wp-json\/wp\/v2\/users\/1"}],"replies":[{"embeddable":true,"href":"https:\/\/www.acemuhendislik.com.tr\/en\/wp-json\/wp\/v2\/comments?post=1433"}],"version-history":[{"count":31,"href":"https:\/\/www.acemuhendislik.com.tr\/en\/wp-json\/wp\/v2\/pages\/1433\/revisions"}],"predecessor-version":[{"id":1825,"href":"https:\/\/www.acemuhendislik.com.tr\/en\/wp-json\/wp\/v2\/pages\/1433\/revisions\/1825"}],"wp:attachment":[{"href":"https:\/\/www.acemuhendislik.com.tr\/en\/wp-json\/wp\/v2\/media?parent=1433"}],"curies":[{"name":"wp","href":"https:\/\/api.w.org\/{rel}","templated":true}]}}