{"id":1451,"date":"2023-11-29T15:17:30","date_gmt":"2023-11-29T12:17:30","guid":{"rendered":"https:\/\/www.acemuhendislik.com.tr\/?page_id=1451"},"modified":"2024-12-09T11:13:51","modified_gmt":"2024-12-09T08:13:51","slug":"finli-boru","status":"publish","type":"page","link":"https:\/\/www.acemuhendislik.com.tr\/en\/finli-boru\/","title":{"rendered":"Finned Tube"},"content":{"rendered":"<div data-elementor-type=\"wp-page\" data-elementor-id=\"1451\" class=\"elementor elementor-1451\">\n\t\t\t\t<div class=\"elementor-element elementor-element-67451c2 e-flex e-con-boxed e-con e-parent\" data-id=\"67451c2\" data-element_type=\"container\" data-e-type=\"container\">\n\t\t\t\t\t<div class=\"e-con-inner\">\n\t\t\t\t<div class=\"elementor-element elementor-element-894e411 elementor-widget elementor-widget-text-editor\" data-id=\"894e411\" data-element_type=\"widget\" data-e-type=\"widget\" data-widget_type=\"text-editor.default\">\n\t\t\t\t<div class=\"elementor-widget-container\">\n\t\t\t\t\t\t\t\t\t<p>Finned tubes are key components of economizers, heat recovery boilers and many other industrial heat exchanger applications. These tubes are available with straight\/solid or threaded fins. All finned pipe configurations are customized according to customers' specific requirements and flue gas characteristics: threaded fins are used in clean applications such as natural gas combustion, while straight fins are used where dusty or corrosive conditions exist.<\/p><p><strong>Finned pipes<\/strong><br \/>Single tube finned tubes or double tube rectangular finned tubes are used in the following areas:<br \/>\u25aa coal fired boilers<br \/>\u25aa waste incinerators<br \/>\u25aa biomass power plants<\/p><p>ACE Engineering finned tubes are used in power generation with heat recovery in steam and combined cycle power plants, for district heating and industrial purposes, as well as in reactors and furnaces for the chemical and petrochemical industry. In addition to its large production capacity, ACE Engineering has its own extensive pipe and coil warehouse to serve the market quickly and flexibly. The manufacturing process with great vertical integration also includes bending machines to reduce costly welding and x-ray inspections.<\/p><p><strong>Rectangular Finned Tubes<\/strong><br \/>available as single or double pipe. Particularly suitable for flue gases containing dust, such as waste incineration plants, biomass cogeneration plants and coal or oil-fired plants.<br \/>available with solid or toothed blades.<\/p><p><strong>Wing Materials<\/strong><br \/>The wing material is purchased and stored as raw coil. With our own slitting line, the wing strip is only produced according to actual customer orders. Therefore, ACE Engineering can react flexibly and guarantees very short delivery times. Almost any combination of tube and fin material can be welded.<\/p><p><strong>Wing Types<\/strong><br \/><strong>Solid wings<\/strong><br \/>These wings are fully welded to the tube. The pressure applied when wrapping the wing strip around the tube can cause a slight thinning in the wing tip area. Due to the compression and the added filler metal, the width of the wing base can be up to 120% of the nominal wing thickness.<\/p><p><strong>Solid finned tube<\/strong><br \/><strong>Geared wings<\/strong><br \/>Toothed wings are produced by splitting the wing strip at equal intervals during the flapping process. A 5 mm (0.19\u2033) high base is left un-slit to form a continuous wing base. When the wing strip is helically wound onto the tube, the outer end of the threaded section is split to form rectangular segments.<\/p><ul><li>Heat recovery systems<\/li><li>Economizers in oil-fired power plants<\/li><li>Economizers in coal-fired power plants<\/li><li>Economizers in marine systems<\/li><li>Biomass and waste incineration plants<\/li><li>For dust-laden exhaust gases in general<\/li><\/ul>\t\t\t\t\t\t\t\t<\/div>\n\t\t\t\t<\/div>\n\t\t\t\t\t<\/div>\n\t\t\t\t<\/div>\n\t\t<div class=\"elementor-element elementor-element-b5ade8c e-flex e-con-boxed e-con e-parent\" data-id=\"b5ade8c\" data-element_type=\"container\" data-e-type=\"container\">\n\t\t\t\t\t<div class=\"e-con-inner\">\n\t\t<div class=\"elementor-element elementor-element-dc3420b e-con-full e-flex e-con e-child\" data-id=\"dc3420b\" data-element_type=\"container\" data-e-type=\"container\">\n\t\t\t\t<div class=\"elementor-element elementor-element-bc4dc84 elementor-widget elementor-widget-image\" data-id=\"bc4dc84\" data-element_type=\"widget\" data-e-type=\"widget\" data-widget_type=\"image.default\">\n\t\t\t\t<div class=\"elementor-widget-container\">\n\t\t\t\t\t\t\t\t\t\t\t\t\t\t\t\t<a href=\"http:\/\/www.acemuhendislik.com.tr\/wp-content\/uploads\/2023\/11\/lowmb_bigdm.png\" data-elementor-open-lightbox=\"yes\" data-elementor-lightbox-title=\"_lowmb_bigdm\" data-e-action-hash=\"#elementor-action%3Aaction%3Dlightbox%26settings%3DeyJpZCI6MTQ1NywidXJsIjoiaHR0cHM6XC9cL3d3dy5hY2VtdWhlbmRpc2xpay5jb20udHJcL3dwLWNvbnRlbnRcL3VwbG9hZHNcLzIwMjNcLzExXC9sb3dtYl9iaWdkbS5wbmcifQ%3D%3D\">\n\t\t\t\t\t\t\t<img fetchpriority=\"high\" decoding=\"async\" width=\"1024\" height=\"681\" src=\"https:\/\/www.acemuhendislik.com.tr\/wp-content\/uploads\/2023\/11\/lowmb_bigdm-1024x681.png\" class=\"attachment-large size-large wp-image-1457\" alt=\"\" srcset=\"https:\/\/www.acemuhendislik.com.tr\/wp-content\/uploads\/2023\/11\/lowmb_bigdm-1024x681.png 1024w, https:\/\/www.acemuhendislik.com.tr\/wp-content\/uploads\/2023\/11\/lowmb_bigdm-300x199.png 300w, https:\/\/www.acemuhendislik.com.tr\/wp-content\/uploads\/2023\/11\/lowmb_bigdm-768x511.png 768w, https:\/\/www.acemuhendislik.com.tr\/wp-content\/uploads\/2023\/11\/lowmb_bigdm-1536x1021.png 1536w, https:\/\/www.acemuhendislik.com.tr\/wp-content\/uploads\/2023\/11\/lowmb_bigdm.png 1569w\" sizes=\"(max-width: 1024px) 100vw, 1024px\" \/>\t\t\t\t\t\t\t\t<\/a>\n\t\t\t\t\t\t\t\t\t\t\t\t\t\t\t<\/div>\n\t\t\t\t<\/div>\n\t\t\t\t<\/div>\n\t\t<div class=\"elementor-element elementor-element-07033ed e-con-full e-flex e-con e-child\" data-id=\"07033ed\" data-element_type=\"container\" data-e-type=\"container\">\n\t\t\t\t<div class=\"elementor-element elementor-element-f786122 elementor-widget elementor-widget-image\" data-id=\"f786122\" data-element_type=\"widget\" data-e-type=\"widget\" data-widget_type=\"image.default\">\n\t\t\t\t<div class=\"elementor-widget-container\">\n\t\t\t\t\t\t\t\t\t\t\t\t\t\t\t\t<a href=\"http:\/\/www.acemuhendislik.com.tr\/wp-content\/uploads\/2023\/11\/RS50984_bps_rosink_2230-hpr-scaled.jpg\" data-elementor-open-lightbox=\"yes\" data-elementor-lightbox-title=\"RS50984_bps_rosink_2230-hpr\" data-e-action-hash=\"#elementor-action%3Aaction%3Dlightbox%26settings%3DeyJpZCI6MTQ1OCwidXJsIjoiaHR0cHM6XC9cL3d3dy5hY2VtdWhlbmRpc2xpay5jb20udHJcL3dwLWNvbnRlbnRcL3VwbG9hZHNcLzIwMjNcLzExXC9SUzUwOTg0X2Jwc19yb3NpbmtfMjIzMC1ocHItc2NhbGVkLmpwZyJ9\">\n\t\t\t\t\t\t\t<img decoding=\"async\" width=\"1024\" height=\"683\" src=\"https:\/\/www.acemuhendislik.com.tr\/wp-content\/uploads\/2023\/11\/RS50984_bps_rosink_2230-hpr-1024x683.jpg\" class=\"attachment-large size-large wp-image-1458\" alt=\"\" srcset=\"https:\/\/www.acemuhendislik.com.tr\/wp-content\/uploads\/2023\/11\/RS50984_bps_rosink_2230-hpr-1024x683.jpg 1024w, https:\/\/www.acemuhendislik.com.tr\/wp-content\/uploads\/2023\/11\/RS50984_bps_rosink_2230-hpr-300x200.jpg 300w, https:\/\/www.acemuhendislik.com.tr\/wp-content\/uploads\/2023\/11\/RS50984_bps_rosink_2230-hpr-768x512.jpg 768w, https:\/\/www.acemuhendislik.com.tr\/wp-content\/uploads\/2023\/11\/RS50984_bps_rosink_2230-hpr-1536x1024.jpg 1536w, https:\/\/www.acemuhendislik.com.tr\/wp-content\/uploads\/2023\/11\/RS50984_bps_rosink_2230-hpr-2048x1365.jpg 2048w\" sizes=\"(max-width: 1024px) 100vw, 1024px\" \/>\t\t\t\t\t\t\t\t<\/a>\n\t\t\t\t\t\t\t\t\t\t\t\t\t\t\t<\/div>\n\t\t\t\t<\/div>\n\t\t\t\t<\/div>\n\t\t<div class=\"elementor-element elementor-element-cecd442 e-con-full e-flex e-con e-child\" data-id=\"cecd442\" data-element_type=\"container\" data-e-type=\"container\">\n\t\t\t\t<div class=\"elementor-element elementor-element-db48f6b elementor-widget elementor-widget-image\" data-id=\"db48f6b\" data-element_type=\"widget\" data-e-type=\"widget\" data-widget_type=\"image.default\">\n\t\t\t\t<div class=\"elementor-widget-container\">\n\t\t\t\t\t\t\t\t\t\t\t\t\t\t\t\t<a href=\"http:\/\/www.acemuhendislik.com.tr\/wp-content\/uploads\/2023\/11\/RS50992_bps_rosink_2274-hpr-scaled.jpg\" data-elementor-open-lightbox=\"yes\" data-elementor-lightbox-title=\"RS50992_bps_rosink_2274-hpr\" data-e-action-hash=\"#elementor-action%3Aaction%3Dlightbox%26settings%3DeyJpZCI6MTQ1OSwidXJsIjoiaHR0cHM6XC9cL3d3dy5hY2VtdWhlbmRpc2xpay5jb20udHJcL3dwLWNvbnRlbnRcL3VwbG9hZHNcLzIwMjNcLzExXC9SUzUwOTkyX2Jwc19yb3NpbmtfMjI3NC1ocHItc2NhbGVkLmpwZyJ9\">\n\t\t\t\t\t\t\t<img decoding=\"async\" width=\"1024\" height=\"683\" src=\"https:\/\/www.acemuhendislik.com.tr\/wp-content\/uploads\/2023\/11\/RS50992_bps_rosink_2274-hpr-1024x683.jpg\" class=\"attachment-large size-large wp-image-1459\" alt=\"\" srcset=\"https:\/\/www.acemuhendislik.com.tr\/wp-content\/uploads\/2023\/11\/RS50992_bps_rosink_2274-hpr-1024x683.jpg 1024w, https:\/\/www.acemuhendislik.com.tr\/wp-content\/uploads\/2023\/11\/RS50992_bps_rosink_2274-hpr-300x200.jpg 300w, https:\/\/www.acemuhendislik.com.tr\/wp-content\/uploads\/2023\/11\/RS50992_bps_rosink_2274-hpr-768x512.jpg 768w, https:\/\/www.acemuhendislik.com.tr\/wp-content\/uploads\/2023\/11\/RS50992_bps_rosink_2274-hpr-1536x1024.jpg 1536w, https:\/\/www.acemuhendislik.com.tr\/wp-content\/uploads\/2023\/11\/RS50992_bps_rosink_2274-hpr-2048x1365.jpg 2048w\" sizes=\"(max-width: 1024px) 100vw, 1024px\" \/>\t\t\t\t\t\t\t\t<\/a>\n\t\t\t\t\t\t\t\t\t\t\t\t\t\t\t<\/div>\n\t\t\t\t<\/div>\n\t\t\t\t<\/div>\n\t\t<div class=\"elementor-element elementor-element-12bd4bb e-con-full e-flex e-con e-child\" data-id=\"12bd4bb\" data-element_type=\"container\" data-e-type=\"container\">\n\t\t\t\t<div class=\"elementor-element elementor-element-def16bd elementor-widget elementor-widget-image\" data-id=\"def16bd\" data-element_type=\"widget\" data-e-type=\"widget\" data-widget_type=\"image.default\">\n\t\t\t\t<div class=\"elementor-widget-container\">\n\t\t\t\t\t\t\t\t\t\t\t\t\t\t\t\t<a href=\"http:\/\/www.acemuhendislik.com.tr\/wp-content\/uploads\/2023\/11\/7-scaled.jpg\" data-elementor-open-lightbox=\"yes\" data-elementor-lightbox-title=\"7\" data-e-action-hash=\"#elementor-action%3Aaction%3Dlightbox%26settings%3DeyJpZCI6MTQ2MywidXJsIjoiaHR0cHM6XC9cL3d3dy5hY2VtdWhlbmRpc2xpay5jb20udHJcL3dwLWNvbnRlbnRcL3VwbG9hZHNcLzIwMjNcLzExXC83LXNjYWxlZC5qcGcifQ%3D%3D\">\n\t\t\t\t\t\t\t<img loading=\"lazy\" decoding=\"async\" width=\"768\" height=\"1024\" src=\"https:\/\/www.acemuhendislik.com.tr\/wp-content\/uploads\/2023\/11\/7-768x1024.jpg\" class=\"attachment-large size-large wp-image-1463\" alt=\"\" srcset=\"https:\/\/www.acemuhendislik.com.tr\/wp-content\/uploads\/2023\/11\/7-768x1024.jpg 768w, https:\/\/www.acemuhendislik.com.tr\/wp-content\/uploads\/2023\/11\/7-225x300.jpg 225w, https:\/\/www.acemuhendislik.com.tr\/wp-content\/uploads\/2023\/11\/7-1152x1536.jpg 1152w, https:\/\/www.acemuhendislik.com.tr\/wp-content\/uploads\/2023\/11\/7-1536x2048.jpg 1536w, https:\/\/www.acemuhendislik.com.tr\/wp-content\/uploads\/2023\/11\/7-scaled.jpg 1920w\" sizes=\"(max-width: 768px) 100vw, 768px\" \/>\t\t\t\t\t\t\t\t<\/a>\n\t\t\t\t\t\t\t\t\t\t\t\t\t\t\t<\/div>\n\t\t\t\t<\/div>\n\t\t\t\t<\/div>\n\t\t<div class=\"elementor-element elementor-element-a55542f e-con-full e-flex e-con e-child\" data-id=\"a55542f\" data-element_type=\"container\" data-e-type=\"container\">\n\t\t\t\t<div class=\"elementor-element elementor-element-6519c27 elementor-widget elementor-widget-image\" data-id=\"6519c27\" data-element_type=\"widget\" data-e-type=\"widget\" data-widget_type=\"image.default\">\n\t\t\t\t<div class=\"elementor-widget-container\">\n\t\t\t\t\t\t\t\t\t\t\t\t\t\t\t\t<a href=\"http:\/\/www.acemuhendislik.com.tr\/wp-content\/uploads\/2023\/11\/1.jpg\" data-elementor-open-lightbox=\"yes\" data-elementor-lightbox-title=\"1\" data-e-action-hash=\"#elementor-action%3Aaction%3Dlightbox%26settings%3DeyJpZCI6MTQ3MCwidXJsIjoiaHR0cHM6XC9cL3d3dy5hY2VtdWhlbmRpc2xpay5jb20udHJcL3dwLWNvbnRlbnRcL3VwbG9hZHNcLzIwMjNcLzExXC8xLmpwZyJ9\">\n\t\t\t\t\t\t\t<img loading=\"lazy\" decoding=\"async\" width=\"768\" height=\"1024\" src=\"https:\/\/www.acemuhendislik.com.tr\/wp-content\/uploads\/2023\/11\/1-768x1024.jpg\" class=\"attachment-large size-large wp-image-1470\" alt=\"\" srcset=\"https:\/\/www.acemuhendislik.com.tr\/wp-content\/uploads\/2023\/11\/1-768x1024.jpg 768w, https:\/\/www.acemuhendislik.com.tr\/wp-content\/uploads\/2023\/11\/1-225x300.jpg 225w, https:\/\/www.acemuhendislik.com.tr\/wp-content\/uploads\/2023\/11\/1-1152x1536.jpg 1152w, https:\/\/www.acemuhendislik.com.tr\/wp-content\/uploads\/2023\/11\/1.jpg 1512w\" sizes=\"(max-width: 768px) 100vw, 768px\" \/>\t\t\t\t\t\t\t\t<\/a>\n\t\t\t\t\t\t\t\t\t\t\t\t\t\t\t<\/div>\n\t\t\t\t<\/div>\n\t\t\t\t<\/div>\n\t\t<div class=\"elementor-element elementor-element-8d94aa7 e-con-full e-flex e-con e-child\" data-id=\"8d94aa7\" data-element_type=\"container\" data-e-type=\"container\">\n\t\t\t\t<div class=\"elementor-element elementor-element-6eb162d elementor-widget elementor-widget-image\" data-id=\"6eb162d\" data-element_type=\"widget\" data-e-type=\"widget\" data-widget_type=\"image.default\">\n\t\t\t\t<div class=\"elementor-widget-container\">\n\t\t\t\t\t\t\t\t\t\t\t\t\t\t\t\t<a href=\"http:\/\/www.acemuhendislik.com.tr\/wp-content\/uploads\/2023\/11\/Bild5.jpg\" data-elementor-open-lightbox=\"yes\" data-elementor-lightbox-title=\"Bild5\" data-e-action-hash=\"#elementor-action%3Aaction%3Dlightbox%26settings%3DeyJpZCI6MTQ3MiwidXJsIjoiaHR0cHM6XC9cL3d3dy5hY2VtdWhlbmRpc2xpay5jb20udHJcL3dwLWNvbnRlbnRcL3VwbG9hZHNcLzIwMjNcLzExXC9CaWxkNS5qcGcifQ%3D%3D\">\n\t\t\t\t\t\t\t<img loading=\"lazy\" decoding=\"async\" width=\"768\" height=\"1024\" src=\"https:\/\/www.acemuhendislik.com.tr\/wp-content\/uploads\/2023\/11\/Bild5-768x1024.jpg\" class=\"attachment-large size-large wp-image-1472\" alt=\"\" srcset=\"https:\/\/www.acemuhendislik.com.tr\/wp-content\/uploads\/2023\/11\/Bild5-768x1024.jpg 768w, https:\/\/www.acemuhendislik.com.tr\/wp-content\/uploads\/2023\/11\/Bild5-225x300.jpg 225w, https:\/\/www.acemuhendislik.com.tr\/wp-content\/uploads\/2023\/11\/Bild5-1152x1536.jpg 1152w, https:\/\/www.acemuhendislik.com.tr\/wp-content\/uploads\/2023\/11\/Bild5.jpg 1512w\" sizes=\"(max-width: 768px) 100vw, 768px\" \/>\t\t\t\t\t\t\t\t<\/a>\n\t\t\t\t\t\t\t\t\t\t\t\t\t\t\t<\/div>\n\t\t\t\t<\/div>\n\t\t\t\t<\/div>\n\t\t\t\t\t<\/div>\n\t\t\t\t<\/div>\n\t\t<div class=\"elementor-element elementor-element-64aa92b e-flex e-con-boxed e-con e-parent\" data-id=\"64aa92b\" data-element_type=\"container\" data-e-type=\"container\">\n\t\t\t\t\t<div class=\"e-con-inner\">\n\t\t\t\t<div class=\"elementor-element elementor-element-d72e142 elementor-widget-divider--view-line elementor-widget elementor-widget-divider\" data-id=\"d72e142\" data-element_type=\"widget\" data-e-type=\"widget\" data-widget_type=\"divider.default\">\n\t\t\t\t<div class=\"elementor-widget-container\">\n\t\t\t\t\t\t\t<div class=\"elementor-divider\">\n\t\t\t<span class=\"elementor-divider-separator\">\n\t\t\t\t\t\t<\/span>\n\t\t<\/div>\n\t\t\t\t\t\t<\/div>\n\t\t\t\t<\/div>\n\t\t\t\t\t<\/div>\n\t\t\t\t<\/div>\n\t\t<div class=\"elementor-element elementor-element-a8f7105 e-flex e-con-boxed e-con e-parent\" data-id=\"a8f7105\" data-element_type=\"container\" data-e-type=\"container\">\n\t\t\t\t\t<div class=\"e-con-inner\">\n\t\t<div class=\"elementor-element elementor-element-cc9f1c8 e-con-full e-flex e-con e-child\" data-id=\"cc9f1c8\" data-element_type=\"container\" data-e-type=\"container\">\n\t\t\t\t<div class=\"elementor-element elementor-element-c31e0e4 elementor-widget elementor-widget-image\" data-id=\"c31e0e4\" data-element_type=\"widget\" data-e-type=\"widget\" data-widget_type=\"image.default\">\n\t\t\t\t<div class=\"elementor-widget-container\">\n\t\t\t\t\t\t\t\t\t\t\t\t\t\t\t\t<a href=\"https:\/\/www.acemuhendislik.com.tr\/wp-content\/uploads\/2023\/11\/finli-boru.pdf\">\n\t\t\t\t\t\t\t<img loading=\"lazy\" decoding=\"async\" width=\"1024\" height=\"728\" src=\"https:\/\/www.acemuhendislik.com.tr\/wp-content\/uploads\/2023\/11\/banner-3-1024x728.png\" class=\"attachment-large size-large wp-image-1488\" alt=\"\" srcset=\"https:\/\/www.acemuhendislik.com.tr\/wp-content\/uploads\/2023\/11\/banner-3-1024x728.png 1024w, https:\/\/www.acemuhendislik.com.tr\/wp-content\/uploads\/2023\/11\/banner-3-300x213.png 300w, https:\/\/www.acemuhendislik.com.tr\/wp-content\/uploads\/2023\/11\/banner-3-768x546.png 768w, https:\/\/www.acemuhendislik.com.tr\/wp-content\/uploads\/2023\/11\/banner-3.png 1331w\" sizes=\"(max-width: 1024px) 100vw, 1024px\" \/>\t\t\t\t\t\t\t\t<\/a>\n\t\t\t\t\t\t\t\t\t\t\t\t\t\t\t<\/div>\n\t\t\t\t<\/div>\n\t\t\t\t<\/div>\n\t\t<div class=\"elementor-element elementor-element-7a74703 e-con-full e-flex e-con e-child\" data-id=\"7a74703\" data-element_type=\"container\" data-e-type=\"container\">\n\t\t\t\t<div class=\"elementor-element elementor-element-bbb4e96 elementor-widget elementor-widget-image\" data-id=\"bbb4e96\" data-element_type=\"widget\" data-e-type=\"widget\" data-widget_type=\"image.default\">\n\t\t\t\t<div class=\"elementor-widget-container\">\n\t\t\t\t\t\t\t\t\t\t\t\t\t\t\t\t<a href=\"https:\/\/www.acemuhendislik.com.tr\/wp-content\/uploads\/2023\/11\/02-Company-flyer-en.pdf\">\n\t\t\t\t\t\t\t<img loading=\"lazy\" decoding=\"async\" width=\"675\" height=\"457\" src=\"https:\/\/www.acemuhendislik.com.tr\/wp-content\/uploads\/2023\/11\/banner-22.png\" class=\"attachment-large size-large wp-image-1482\" alt=\"\" srcset=\"https:\/\/www.acemuhendislik.com.tr\/wp-content\/uploads\/2023\/11\/banner-22.png 675w, https:\/\/www.acemuhendislik.com.tr\/wp-content\/uploads\/2023\/11\/banner-22-300x203.png 300w\" sizes=\"(max-width: 675px) 100vw, 675px\" \/>\t\t\t\t\t\t\t\t<\/a>\n\t\t\t\t\t\t\t\t\t\t\t\t\t\t\t<\/div>\n\t\t\t\t<\/div>\n\t\t\t\t<\/div>\n\t\t<div class=\"elementor-element elementor-element-554b43c e-con-full e-flex e-con e-child\" data-id=\"554b43c\" data-element_type=\"container\" data-e-type=\"container\">\n\t\t\t\t<div class=\"elementor-element elementor-element-4fa594f elementor-widget elementor-widget-image\" data-id=\"4fa594f\" data-element_type=\"widget\" data-e-type=\"widget\" data-widget_type=\"image.default\">\n\t\t\t\t<div class=\"elementor-widget-container\">\n\t\t\t\t\t\t\t\t\t\t\t\t\t\t\t\t<a href=\"https:\/\/www.acemuhendislik.com.tr\/wp-content\/uploads\/2023\/11\/01-Rosink-Finned-Tubes.pdf\">\n\t\t\t\t\t\t\t<img loading=\"lazy\" decoding=\"async\" width=\"677\" height=\"474\" src=\"https:\/\/www.acemuhendislik.com.tr\/wp-content\/uploads\/2023\/11\/banner-1.png\" class=\"attachment-large size-large wp-image-1477\" alt=\"\" srcset=\"https:\/\/www.acemuhendislik.com.tr\/wp-content\/uploads\/2023\/11\/banner-1.png 677w, https:\/\/www.acemuhendislik.com.tr\/wp-content\/uploads\/2023\/11\/banner-1-300x210.png 300w\" sizes=\"(max-width: 677px) 100vw, 677px\" \/>\t\t\t\t\t\t\t\t<\/a>\n\t\t\t\t\t\t\t\t\t\t\t\t\t\t\t<\/div>\n\t\t\t\t<\/div>\n\t\t\t\t<\/div>\n\t\t<div class=\"elementor-element elementor-element-66546a9 e-con-full e-flex e-con e-child\" data-id=\"66546a9\" data-element_type=\"container\" data-e-type=\"container\">\n\t\t\t\t<\/div>\n\t\t<div class=\"elementor-element elementor-element-f48ab78 e-con-full e-flex e-con e-child\" data-id=\"f48ab78\" data-element_type=\"container\" data-e-type=\"container\">\n\t\t\t\t<\/div>\n\t\t<div class=\"elementor-element elementor-element-e8aa98f e-con-full e-flex e-con e-child\" data-id=\"e8aa98f\" data-element_type=\"container\" data-e-type=\"container\">\n\t\t\t\t<\/div>\n\t\t\t\t\t<\/div>\n\t\t\t\t<\/div>\n\t\t\t\t<\/div>","protected":false},"excerpt":{"rendered":"<p>Finli borular, ekonomizerler, \u0131s\u0131 geri kazan\u0131m kazanlar\u0131 ve bir\u00e7ok di\u011fer end\u00fcstriyel \u0131s\u0131 de\u011fi\u015ftirici uygulamalar\u0131n\u0131n ana bile\u015fenleridir. Bu borular, d\u00fcz\/kat\u0131 veya di\u015fli kanatlarla mevcuttur. T\u00fcm kanatl\u0131 boru konfig\u00fcrasyonlar\u0131, m\u00fc\u015fterilerin \u00f6zel gereksinimlerine ve baca gaz\u0131 \u00f6zelliklerine g\u00f6re \u00f6zelle\u015ftirilir: di\u015fli kanatlar, do\u011fal gaz yakma gibi temiz uygulamalarda, d\u00fcz kanatlar ise tozlu veya a\u015f\u0131nd\u0131r\u0131c\u0131 ko\u015fullar\u0131n bulundu\u011fu yerlerde kullan\u0131l\u0131r. Kanatl\u0131 [&hellip;]<\/p>\n","protected":false},"author":1,"featured_media":0,"parent":0,"menu_order":0,"comment_status":"closed","ping_status":"closed","template":"","meta":{"footnotes":""},"class_list":["post-1451","page","type-page","status-publish","hentry"],"blocksy_meta":[],"_links":{"self":[{"href":"https:\/\/www.acemuhendislik.com.tr\/en\/wp-json\/wp\/v2\/pages\/1451","targetHints":{"allow":["GET"]}}],"collection":[{"href":"https:\/\/www.acemuhendislik.com.tr\/en\/wp-json\/wp\/v2\/pages"}],"about":[{"href":"https:\/\/www.acemuhendislik.com.tr\/en\/wp-json\/wp\/v2\/types\/page"}],"author":[{"embeddable":true,"href":"https:\/\/www.acemuhendislik.com.tr\/en\/wp-json\/wp\/v2\/users\/1"}],"replies":[{"embeddable":true,"href":"https:\/\/www.acemuhendislik.com.tr\/en\/wp-json\/wp\/v2\/comments?post=1451"}],"version-history":[{"count":37,"href":"https:\/\/www.acemuhendislik.com.tr\/en\/wp-json\/wp\/v2\/pages\/1451\/revisions"}],"predecessor-version":[{"id":1712,"href":"https:\/\/www.acemuhendislik.com.tr\/en\/wp-json\/wp\/v2\/pages\/1451\/revisions\/1712"}],"wp:attachment":[{"href":"https:\/\/www.acemuhendislik.com.tr\/en\/wp-json\/wp\/v2\/media?parent=1451"}],"curies":[{"name":"wp","href":"https:\/\/api.w.org\/{rel}","templated":true}]}}