{"id":1570,"date":"2024-01-07T15:58:58","date_gmt":"2024-01-07T12:58:58","guid":{"rendered":"https:\/\/www.acemuhendislik.com.tr\/?page_id=1570"},"modified":"2024-06-03T16:29:02","modified_gmt":"2024-06-03T13:29:02","slug":"buhar-turbini","status":"publish","type":"page","link":"https:\/\/www.acemuhendislik.com.tr\/en\/buhar-turbini\/","title":{"rendered":"Steam Turbine"},"content":{"rendered":"<div data-elementor-type=\"wp-page\" data-elementor-id=\"1570\" class=\"elementor elementor-1570\">\n\t\t\t\t<div class=\"elementor-element elementor-element-dd6c267 e-flex e-con-boxed e-con e-parent\" data-id=\"dd6c267\" data-element_type=\"container\" data-e-type=\"container\">\n\t\t\t\t\t<div class=\"e-con-inner\">\n\t\t\t\t<div class=\"elementor-element elementor-element-4db8f02 elementor-widget elementor-widget-text-editor\" data-id=\"4db8f02\" data-element_type=\"widget\" data-e-type=\"widget\" data-widget_type=\"text-editor.default\">\n\t\t\t\t<div class=\"elementor-widget-container\">\n\t\t\t\t\t\t\t\t\t<p>We provide customers with innovative solutions through our commitment to continuous product development and improvement. In steam turbine design, we provide superior product solutions using the latest design software and tools, enabling customers to achieve higher performance and value-added products.<\/p><p>We meet all customer needs in the installation and operation of the steam turbine, including features such as more reliable performance and easier operation, quick start-up, one-button start-up.<br \/>Based on a strong research and development team with leading technology and rich experience in the steam turbine industry, the company develops and utilizes new technologies to improve product performance.<\/p><p>Based on this, we have independently developed high-efficiency steam turbine products that comply with domestic and foreign standards, and provide customers with higher performance and higher value-added products with the latest design tools.<\/p><p>We provide customers with a full range of design, production, installation, testing and maintenance services. We have advanced production equipment and a perfect testing system. All the main components of the steam turbine are manufactured in the factory, and the supporting equipment is selected from domestic and foreign high-quality suppliers. This effectively ensures product quality and on-time delivery of equipment.<\/p><p>The company has advanced and reliable technology, perfect process quality system and professional team, provides customers with comprehensive quality services. We have a professional and complete after-sales service team to ensure that customers' steam turbines can run smoothly for a long time. We are committed to respond to users' problems within 24 hours and recommend repair plans.<\/p><p>The products we manufacture comply with international standards. We have world-class testing facilities to thoroughly validate design schemes, ensuring excellent performance of the products. We ensure that our suppliers and subcontractors also strictly adhere to these quality standards, guaranteeing the quality and reliability of steam turbine and auxiliary systems through quality assurance programs and standard operating procedures.<\/p>\t\t\t\t\t\t\t\t<\/div>\n\t\t\t\t<\/div>\n\t\t\t\t\t<\/div>\n\t\t\t\t<\/div>\n\t\t<div class=\"elementor-element elementor-element-8774795 e-flex e-con-boxed e-con e-parent\" data-id=\"8774795\" data-element_type=\"container\" data-e-type=\"container\">\n\t\t\t\t\t<div class=\"e-con-inner\">\n\t\t<div class=\"elementor-element elementor-element-ce77d71 e-con-full e-flex e-con e-child\" data-id=\"ce77d71\" data-element_type=\"container\" data-e-type=\"container\">\n\t\t\t\t<div class=\"elementor-element elementor-element-6932f51 elementor-widget elementor-widget-image\" data-id=\"6932f51\" data-element_type=\"widget\" data-e-type=\"widget\" data-widget_type=\"image.default\">\n\t\t\t\t<div class=\"elementor-widget-container\">\n\t\t\t\t\t\t\t\t\t\t\t\t\t\t\t\t<a href=\"http:\/\/www.acemuhendislik.com.tr\/wp-content\/uploads\/2024\/01\/1-Corporate-Brochure-GZ_1.pdf\">\n\t\t\t\t\t\t\t<img fetchpriority=\"high\" decoding=\"async\" width=\"1024\" height=\"699\" src=\"https:\/\/www.acemuhendislik.com.tr\/wp-content\/uploads\/2024\/01\/enerji-1-1024x699.png\" class=\"attachment-large size-large wp-image-1572\" alt=\"\" srcset=\"https:\/\/www.acemuhendislik.com.tr\/wp-content\/uploads\/2024\/01\/enerji-1-1024x699.png 1024w, https:\/\/www.acemuhendislik.com.tr\/wp-content\/uploads\/2024\/01\/enerji-1-300x205.png 300w, https:\/\/www.acemuhendislik.com.tr\/wp-content\/uploads\/2024\/01\/enerji-1-768x525.png 768w, https:\/\/www.acemuhendislik.com.tr\/wp-content\/uploads\/2024\/01\/enerji-1.png 1202w\" sizes=\"(max-width: 1024px) 100vw, 1024px\" \/>\t\t\t\t\t\t\t\t<\/a>\n\t\t\t\t\t\t\t\t\t\t\t\t\t\t\t<\/div>\n\t\t\t\t<\/div>\n\t\t\t\t<\/div>\n\t\t<div class=\"elementor-element elementor-element-e9daf54 e-con-full e-flex e-con e-child\" data-id=\"e9daf54\" data-element_type=\"container\" data-e-type=\"container\">\n\t\t\t\t<div class=\"elementor-element elementor-element-94b544d elementor-widget elementor-widget-image\" data-id=\"94b544d\" data-element_type=\"widget\" data-e-type=\"widget\" data-widget_type=\"image.default\">\n\t\t\t\t<div class=\"elementor-widget-container\">\n\t\t\t\t\t\t\t\t\t\t\t\t\t\t\t\t<a href=\"http:\/\/www.acemuhendislik.com.tr\/wp-content\/uploads\/2024\/01\/2-Generator-Brochure_2.pdf\">\n\t\t\t\t\t\t\t<img decoding=\"async\" width=\"1024\" height=\"703\" src=\"https:\/\/www.acemuhendislik.com.tr\/wp-content\/uploads\/2024\/01\/enerji-2-1024x703.png\" class=\"attachment-large size-large wp-image-1573\" alt=\"\" srcset=\"https:\/\/www.acemuhendislik.com.tr\/wp-content\/uploads\/2024\/01\/enerji-2-1024x703.png 1024w, https:\/\/www.acemuhendislik.com.tr\/wp-content\/uploads\/2024\/01\/enerji-2-300x206.png 300w, https:\/\/www.acemuhendislik.com.tr\/wp-content\/uploads\/2024\/01\/enerji-2-768x527.png 768w, https:\/\/www.acemuhendislik.com.tr\/wp-content\/uploads\/2024\/01\/enerji-2.png 1428w\" sizes=\"(max-width: 1024px) 100vw, 1024px\" \/>\t\t\t\t\t\t\t\t<\/a>\n\t\t\t\t\t\t\t\t\t\t\t\t\t\t\t<\/div>\n\t\t\t\t<\/div>\n\t\t\t\t<\/div>\n\t\t<div class=\"elementor-element elementor-element-6411948 e-con-full e-flex e-con e-child\" data-id=\"6411948\" data-element_type=\"container\" data-e-type=\"container\">\n\t\t\t\t<div class=\"elementor-element elementor-element-754696c elementor-widget elementor-widget-image\" data-id=\"754696c\" data-element_type=\"widget\" data-e-type=\"widget\" data-widget_type=\"image.default\">\n\t\t\t\t<div class=\"elementor-widget-container\">\n\t\t\t\t\t\t\t\t\t\t\t\t\t\t\t\t<a href=\"http:\/\/www.acemuhendislik.com.tr\/wp-content\/uploads\/2024\/01\/3-Turbine-Brochure_3.pdf\">\n\t\t\t\t\t\t\t<img decoding=\"async\" width=\"1024\" height=\"703\" src=\"https:\/\/www.acemuhendislik.com.tr\/wp-content\/uploads\/2024\/01\/enerji-3-1024x703.png\" class=\"attachment-large size-large wp-image-1574\" alt=\"\" srcset=\"https:\/\/www.acemuhendislik.com.tr\/wp-content\/uploads\/2024\/01\/enerji-3-1024x703.png 1024w, https:\/\/www.acemuhendislik.com.tr\/wp-content\/uploads\/2024\/01\/enerji-3-300x206.png 300w, https:\/\/www.acemuhendislik.com.tr\/wp-content\/uploads\/2024\/01\/enerji-3-768x527.png 768w, https:\/\/www.acemuhendislik.com.tr\/wp-content\/uploads\/2024\/01\/enerji-3.png 1428w\" sizes=\"(max-width: 1024px) 100vw, 1024px\" \/>\t\t\t\t\t\t\t\t<\/a>\n\t\t\t\t\t\t\t\t\t\t\t\t\t\t\t<\/div>\n\t\t\t\t<\/div>\n\t\t\t\t<\/div>\n\t\t<div class=\"elementor-element elementor-element-53ac01b e-con-full e-flex e-con e-child\" data-id=\"53ac01b\" data-element_type=\"container\" data-e-type=\"container\">\n\t\t\t\t<\/div>\n\t\t<div class=\"elementor-element elementor-element-b86e711 e-con-full e-flex e-con e-child\" data-id=\"b86e711\" data-element_type=\"container\" data-e-type=\"container\">\n\t\t\t\t<\/div>\n\t\t<div class=\"elementor-element elementor-element-7644493 e-con-full e-flex e-con e-child\" data-id=\"7644493\" data-element_type=\"container\" data-e-type=\"container\">\n\t\t\t\t<\/div>\n\t\t\t\t\t<\/div>\n\t\t\t\t<\/div>\n\t\t\t\t<\/div>","protected":false},"excerpt":{"rendered":"<p>\u00dcr\u00fcn\u00fcn s\u00fcrekli geli\u015fimi ve iyile\u015ftirilmesine y\u00f6nelik taahh\u00fcd\u00fcm\u00fczle m\u00fc\u015fterilere yenilik\u00e7i \u00e7\u00f6z\u00fcmler sunuyoruz. Buhar t\u00fcrbini tasar\u0131m\u0131nda, en son tasar\u0131m yaz\u0131l\u0131mlar\u0131 ve ara\u00e7lar\u0131n\u0131 kullanarak \u00fcst\u00fcn \u00fcr\u00fcn \u00e7\u00f6z\u00fcmleri sunuyor, b\u00f6ylece m\u00fc\u015fterilerin daha y\u00fcksek performans ve katma de\u011ferli \u00fcr\u00fcnler elde etmesini sa\u011fl\u0131yoruz. Buhar t\u00fcrbininin kurulum ve i\u015fletimindeki t\u00fcm m\u00fc\u015fteri ihtiya\u00e7lar\u0131n\u0131, daha g\u00fcvenilir performans ve daha kolay kullan\u0131m, h\u0131zl\u0131 ba\u015flatma, tek [&hellip;]<\/p>\n","protected":false},"author":1,"featured_media":0,"parent":0,"menu_order":0,"comment_status":"closed","ping_status":"closed","template":"","meta":{"footnotes":""},"class_list":["post-1570","page","type-page","status-publish","hentry"],"blocksy_meta":[],"_links":{"self":[{"href":"https:\/\/www.acemuhendislik.com.tr\/en\/wp-json\/wp\/v2\/pages\/1570","targetHints":{"allow":["GET"]}}],"collection":[{"href":"https:\/\/www.acemuhendislik.com.tr\/en\/wp-json\/wp\/v2\/pages"}],"about":[{"href":"https:\/\/www.acemuhendislik.com.tr\/en\/wp-json\/wp\/v2\/types\/page"}],"author":[{"embeddable":true,"href":"https:\/\/www.acemuhendislik.com.tr\/en\/wp-json\/wp\/v2\/users\/1"}],"replies":[{"embeddable":true,"href":"https:\/\/www.acemuhendislik.com.tr\/en\/wp-json\/wp\/v2\/comments?post=1570"}],"version-history":[{"count":30,"href":"https:\/\/www.acemuhendislik.com.tr\/en\/wp-json\/wp\/v2\/pages\/1570\/revisions"}],"predecessor-version":[{"id":1698,"href":"https:\/\/www.acemuhendislik.com.tr\/en\/wp-json\/wp\/v2\/pages\/1570\/revisions\/1698"}],"wp:attachment":[{"href":"https:\/\/www.acemuhendislik.com.tr\/en\/wp-json\/wp\/v2\/media?parent=1570"}],"curies":[{"name":"wp","href":"https:\/\/api.w.org\/{rel}","templated":true}]}}