{"id":1638,"date":"2024-04-05T15:27:03","date_gmt":"2024-04-05T12:27:03","guid":{"rendered":"https:\/\/www.acemuhendislik.com.tr\/?page_id=1638"},"modified":"2024-04-05T16:45:16","modified_gmt":"2024-04-05T13:45:16","slug":"biyokutle-kazan-kul-temizleme","status":"publish","type":"page","link":"https:\/\/www.acemuhendislik.com.tr\/en\/biyokutle-kazan-kul-temizleme\/","title":{"rendered":"Ash Cleaning"},"content":{"rendered":"<div data-elementor-type=\"wp-page\" data-elementor-id=\"1638\" class=\"elementor elementor-1638\">\n\t\t\t\t<div class=\"elementor-element elementor-element-c2b2b46 e-flex e-con-boxed e-con e-parent\" data-id=\"c2b2b46\" data-element_type=\"container\" data-e-type=\"container\">\n\t\t\t\t\t<div class=\"e-con-inner\">\n\t\t\t\t<div class=\"elementor-element elementor-element-cc5c6e4 elementor-widget elementor-widget-image\" data-id=\"cc5c6e4\" data-element_type=\"widget\" data-e-type=\"widget\" data-widget_type=\"image.default\">\n\t\t\t\t<div class=\"elementor-widget-container\">\n\t\t\t\t\t\t\t\t\t\t\t\t\t\t\t<img fetchpriority=\"high\" decoding=\"async\" width=\"1024\" height=\"520\" src=\"https:\/\/www.acemuhendislik.com.tr\/wp-content\/uploads\/2024\/04\/biyokutle-kazan-kul-temizleme.jpg\" class=\"attachment-large size-large wp-image-1642\" alt=\"\" srcset=\"https:\/\/www.acemuhendislik.com.tr\/wp-content\/uploads\/2024\/04\/biyokutle-kazan-kul-temizleme.jpg 1024w, https:\/\/www.acemuhendislik.com.tr\/wp-content\/uploads\/2024\/04\/biyokutle-kazan-kul-temizleme-300x152.jpg 300w, https:\/\/www.acemuhendislik.com.tr\/wp-content\/uploads\/2024\/04\/biyokutle-kazan-kul-temizleme-768x390.jpg 768w\" sizes=\"(max-width: 1024px) 100vw, 1024px\" \/>\t\t\t\t\t\t\t\t\t\t\t\t\t\t\t<\/div>\n\t\t\t\t<\/div>\n\t\t\t\t\t<\/div>\n\t\t\t\t<\/div>\n\t\t<div class=\"elementor-element elementor-element-60b2780 e-flex e-con-boxed e-con e-parent\" data-id=\"60b2780\" data-element_type=\"container\" data-e-type=\"container\">\n\t\t\t\t\t<div class=\"e-con-inner\">\n\t\t\t\t<div class=\"elementor-element elementor-element-6111524 elementor-widget elementor-widget-text-editor\" data-id=\"6111524\" data-element_type=\"widget\" data-e-type=\"widget\" data-widget_type=\"text-editor.default\">\n\t\t\t\t<div class=\"elementor-widget-container\">\n\t\t\t\t\t\t\t\t\t<p>The Swiss-based Explosion Power company, which we represent, manufactures a high-tech Shock Pulse Generator (SpGr) that enables the online cleaning of ash formed inside boilers in coal, biomass, and waste-fired boilers.<\/p><p>Thanks to the proven cleaning technology and the system that operates automatically every hour, the ash accumulated on the pipes such as membrane walls, superheaters, and economizers inside solid fuel boilers is continuously cleaned, enabling the boiler to operate at high efficiency and performance.<\/p><p>This system, currently used as the most effective boiler cleaning method in the world, is operating in over 1,000 units worldwide.<\/p>\t\t\t\t\t\t\t\t<\/div>\n\t\t\t\t<\/div>\n\t\t\t\t\t<\/div>\n\t\t\t\t<\/div>\n\t\t<div class=\"elementor-element elementor-element-9d4e5d9 e-flex e-con-boxed e-con e-parent\" data-id=\"9d4e5d9\" data-element_type=\"container\" data-e-type=\"container\">\n\t\t\t\t\t<div class=\"e-con-inner\">\n\t\t<div class=\"elementor-element elementor-element-14ae9c2 e-con-full e-flex e-con e-child\" data-id=\"14ae9c2\" data-element_type=\"container\" data-e-type=\"container\">\n\t\t\t\t<div class=\"elementor-element elementor-element-6477390 elementor-widget elementor-widget-text-editor\" data-id=\"6477390\" data-element_type=\"widget\" data-e-type=\"widget\" data-widget_type=\"text-editor.default\">\n\t\t\t\t<div class=\"elementor-widget-container\">\n\t\t\t\t\t\t\t\t\t<p><strong>Cleaning Method<\/strong><\/p><p>With our proven online cleaning technology, deposits on heat exchanger surfaces such as membrane walls and pipe bundles in large boiler plants can be successfully prevented.\u00a0<\/p><p>Sediment can be significantly reduced in refurbishment projects. This innovative Shock Pulse Technology enables you to achieve longer operating times, higher boiler availability, and reduced maintenance and operating costs!<\/p><p>Over 1,000 Shock Pulse Generators (SPG) are permanently cleaning critical boiler areas in process plants, as well as multiple fuels such as municipal solid waste, industrial waste, and coal.\u00a0<br \/><span style=\"font-size: inherit; text-align: inherit; background-color: var(--theme-palette-color-8); color: var(--theme-text-color); font-family: var(--theme-font-family); font-style: var(--theme-font-style, inherit); font-weight: var(--theme-font-weight); letter-spacing: var(--theme-letter-spacing); text-transform: var(--theme-text-transform);\">Waste, industrial, coal-fired power plants, and process facilities are permanently clean!<\/span><\/p>\t\t\t\t\t\t\t\t<\/div>\n\t\t\t\t<\/div>\n\t\t\t\t<\/div>\n\t\t<div class=\"elementor-element elementor-element-a5fd905 e-con-full e-flex e-con e-child\" data-id=\"a5fd905\" data-element_type=\"container\" data-e-type=\"container\">\n\t\t\t\t<div class=\"elementor-element elementor-element-0784b22 elementor-widget elementor-widget-video\" data-id=\"0784b22\" data-element_type=\"widget\" data-e-type=\"widget\" data-settings=\"{&quot;youtube_url&quot;:&quot;https:\\\/\\\/www.youtube.com\\\/watch?v=8ddt0rQXKE8&quot;,&quot;video_type&quot;:&quot;youtube&quot;,&quot;controls&quot;:&quot;yes&quot;}\" data-widget_type=\"video.default\">\n\t\t\t\t<div class=\"elementor-widget-container\">\n\t\t\t\t\t\t\t<div class=\"elementor-wrapper elementor-open-inline\">\n\t\t\t<div class=\"elementor-video\"><\/div>\t\t<\/div>\n\t\t\t\t\t\t<\/div>\n\t\t\t\t<\/div>\n\t\t\t\t<\/div>\n\t\t\t\t\t<\/div>\n\t\t\t\t<\/div>\n\t\t<div class=\"elementor-element elementor-element-244b0d0 e-flex e-con-boxed e-con e-parent\" data-id=\"244b0d0\" data-element_type=\"container\" data-e-type=\"container\">\n\t\t\t\t\t<div class=\"e-con-inner\">\n\t\t\t\t<div class=\"elementor-element elementor-element-e6645e4 elementor-widget elementor-widget-image\" data-id=\"e6645e4\" data-element_type=\"widget\" data-e-type=\"widget\" data-widget_type=\"image.default\">\n\t\t\t\t<div class=\"elementor-widget-container\">\n\t\t\t\t\t\t\t\t\t\t\t\t\t\t\t<img decoding=\"async\" width=\"1826\" height=\"1095\" src=\"https:\/\/www.acemuhendislik.com.tr\/wp-content\/uploads\/2024\/04\/biyokutle-kazan-temizligi.png\" class=\"attachment-full size-full wp-image-1672\" alt=\"\" srcset=\"https:\/\/www.acemuhendislik.com.tr\/wp-content\/uploads\/2024\/04\/biyokutle-kazan-temizligi.png 1826w, https:\/\/www.acemuhendislik.com.tr\/wp-content\/uploads\/2024\/04\/biyokutle-kazan-temizligi-300x180.png 300w, https:\/\/www.acemuhendislik.com.tr\/wp-content\/uploads\/2024\/04\/biyokutle-kazan-temizligi-1024x614.png 1024w, https:\/\/www.acemuhendislik.com.tr\/wp-content\/uploads\/2024\/04\/biyokutle-kazan-temizligi-768x461.png 768w, https:\/\/www.acemuhendislik.com.tr\/wp-content\/uploads\/2024\/04\/biyokutle-kazan-temizligi-1536x921.png 1536w\" sizes=\"(max-width: 1826px) 100vw, 1826px\" \/>\t\t\t\t\t\t\t\t\t\t\t\t\t\t\t<\/div>\n\t\t\t\t<\/div>\n\t\t\t\t\t<\/div>\n\t\t\t\t<\/div>\n\t\t<div class=\"elementor-element elementor-element-eaa7cbc e-flex e-con-boxed e-con e-parent\" data-id=\"eaa7cbc\" data-element_type=\"container\" data-e-type=\"container\">\n\t\t\t\t\t<div class=\"e-con-inner\">\n\t\t<div class=\"elementor-element elementor-element-0e931a4 e-con-full e-flex e-con e-child\" data-id=\"0e931a4\" data-element_type=\"container\" data-e-type=\"container\">\n\t\t\t\t<div class=\"elementor-element elementor-element-d521576 elementor-widget elementor-widget-text-editor\" data-id=\"d521576\" data-element_type=\"widget\" data-e-type=\"widget\" data-widget_type=\"text-editor.default\">\n\t\t\t\t<div class=\"elementor-widget-container\">\n\t\t\t\t\t\t\t\t\t<p>Standardized Shock Impact Robust and durable generators Innovative technology<br \/>Expert advice based on years of experience <br \/>experience<\/p>\t\t\t\t\t\t\t\t<\/div>\n\t\t\t\t<\/div>\n\t\t\t\t<\/div>\n\t\t<div class=\"elementor-element elementor-element-bfe9aab e-con-full e-flex e-con e-child\" data-id=\"bfe9aab\" data-element_type=\"container\" data-e-type=\"container\">\n\t\t\t\t<div class=\"elementor-element elementor-element-40cbcf8 elementor-widget elementor-widget-text-editor\" data-id=\"40cbcf8\" data-element_type=\"widget\" data-e-type=\"widget\" data-widget_type=\"text-editor.default\">\n\t\t\t\t<div class=\"elementor-widget-container\">\n\t\t\t\t\t\t\t\t\t<p>Customized solutions for automatic boiler cleaning<br \/>Efficient and stable facility operation<\/p><p>Ensuring high quality in boiler cleaning<\/p>\t\t\t\t\t\t\t\t<\/div>\n\t\t\t\t<\/div>\n\t\t\t\t<\/div>\n\t\t<div class=\"elementor-element elementor-element-28751b3 e-con-full e-flex e-con e-child\" data-id=\"28751b3\" data-element_type=\"container\" data-e-type=\"container\">\n\t\t\t\t<div class=\"elementor-element elementor-element-06a8fd8 elementor-widget elementor-widget-text-editor\" data-id=\"06a8fd8\" data-element_type=\"widget\" data-e-type=\"widget\" data-widget_type=\"text-editor.default\">\n\t\t\t\t<div class=\"elementor-widget-container\">\n\t\t\t\t\t\t\t\t\t<p>Analysis of boiler operating data Optimization of data analysis<\/p><p>Overview of the situation: fast and effective support and maintenance<\/p>\t\t\t\t\t\t\t\t<\/div>\n\t\t\t\t<\/div>\n\t\t\t\t<\/div>\n\t\t<div class=\"elementor-element elementor-element-0284732 e-con-full e-flex e-con e-child\" data-id=\"0284732\" data-element_type=\"container\" data-e-type=\"container\">\n\t\t\t\t<div class=\"elementor-element elementor-element-6d76236 elementor-widget elementor-widget-text-editor\" data-id=\"6d76236\" data-element_type=\"widget\" data-e-type=\"widget\" data-widget_type=\"text-editor.default\">\n\t\t\t\t<div class=\"elementor-widget-container\">\n\t\t\t\t\t\t\t\t\t<p>Provide reliable equipment<\/p>\t\t\t\t\t\t\t\t<\/div>\n\t\t\t\t<\/div>\n\t\t\t\t<\/div>\n\t\t<div class=\"elementor-element elementor-element-b33a913 e-con-full e-flex e-con e-child\" data-id=\"b33a913\" data-element_type=\"container\" data-e-type=\"container\">\n\t\t\t\t<div class=\"elementor-element elementor-element-bb7dce2 elementor-widget elementor-widget-text-editor\" data-id=\"bb7dce2\" data-element_type=\"widget\" data-e-type=\"widget\" data-widget_type=\"text-editor.default\">\n\t\t\t\t<div class=\"elementor-widget-container\">\n\t\t\t\t\t\t\t\t\t<p>Extension of the boiler operating time<\/p>\t\t\t\t\t\t\t\t<\/div>\n\t\t\t\t<\/div>\n\t\t\t\t<\/div>\n\t\t<div class=\"elementor-element elementor-element-0d17377 e-con-full e-flex e-con e-child\" data-id=\"0d17377\" data-element_type=\"container\" data-e-type=\"container\">\n\t\t\t\t<div class=\"elementor-element elementor-element-d0fd252 elementor-widget elementor-widget-text-editor\" data-id=\"d0fd252\" data-element_type=\"widget\" data-e-type=\"widget\" data-widget_type=\"text-editor.default\">\n\t\t\t\t<div class=\"elementor-widget-container\">\n\t\t\t\t\t\t\t\t\t<p>Increased plant productivity<\/p>\t\t\t\t\t\t\t\t<\/div>\n\t\t\t\t<\/div>\n\t\t\t\t<\/div>\n\t\t\t\t\t<\/div>\n\t\t\t\t<\/div>\n\t\t\t\t<\/div>","protected":false},"excerpt":{"rendered":"<p>Temsilcisi oldu\u011fumuz \u0130svi\u00e7re men\u015feili Explosion Power firmas\u0131n\u0131n y\u00fcksek teknoloji ile \u00fcretti\u011fi Shock Pulse Generator (SpGr) ile k\u00f6m\u00fcr, biyok\u00fctle ve at\u0131k kazanlar\u0131nda kazan i\u00e7erisinde olu\u015fan k\u00fclleri online olarak temizlemek m\u00fcmk\u00fcnd\u00fcr. Kan\u0131tlanm\u0131\u015f temizleme teknolojisi ile her saat otomatik \u00e7al\u0131\u015fan sistem sayesinde kat\u0131 yak\u0131tl\u0131 kazanlar\u0131n i\u00e7erisinde membran duvarlar, k\u0131zd\u0131r\u0131c\u0131 ve ekonomizer gibi \u00a0borular \u00fczerinde biriken k\u00fcller s\u00fcrekli temizlendi\u011finden [&hellip;]<\/p>\n","protected":false},"author":1,"featured_media":0,"parent":0,"menu_order":0,"comment_status":"closed","ping_status":"closed","template":"","meta":{"footnotes":""},"class_list":["post-1638","page","type-page","status-publish","hentry"],"blocksy_meta":[],"_links":{"self":[{"href":"https:\/\/www.acemuhendislik.com.tr\/en\/wp-json\/wp\/v2\/pages\/1638","targetHints":{"allow":["GET"]}}],"collection":[{"href":"https:\/\/www.acemuhendislik.com.tr\/en\/wp-json\/wp\/v2\/pages"}],"about":[{"href":"https:\/\/www.acemuhendislik.com.tr\/en\/wp-json\/wp\/v2\/types\/page"}],"author":[{"embeddable":true,"href":"https:\/\/www.acemuhendislik.com.tr\/en\/wp-json\/wp\/v2\/users\/1"}],"replies":[{"embeddable":true,"href":"https:\/\/www.acemuhendislik.com.tr\/en\/wp-json\/wp\/v2\/comments?post=1638"}],"version-history":[{"count":20,"href":"https:\/\/www.acemuhendislik.com.tr\/en\/wp-json\/wp\/v2\/pages\/1638\/revisions"}],"predecessor-version":[{"id":1679,"href":"https:\/\/www.acemuhendislik.com.tr\/en\/wp-json\/wp\/v2\/pages\/1638\/revisions\/1679"}],"wp:attachment":[{"href":"https:\/\/www.acemuhendislik.com.tr\/en\/wp-json\/wp\/v2\/media?parent=1638"}],"curies":[{"name":"wp","href":"https:\/\/api.w.org\/{rel}","templated":true}]}}